{"id":14,"date":"2021-02-06T20:12:46","date_gmt":"2021-02-06T20:12:46","guid":{"rendered":"https:\/\/reinigungsbedarf-donath.de\/?page_id=14"},"modified":"2025-01-08T08:59:43","modified_gmt":"2025-01-08T08:59:43","slug":"agb","status":"publish","type":"page","link":"https:\/\/reinigungsbedarf-donath.de\/app\/?page_id=14","title":{"rendered":"AGB"},"content":{"rendered":"<ol class=\"wp-block-list\"><li>Allgemeines<\/li><\/ol><p>Nachstehende Allgemeine Gesch\u00e4ftsbedingungen gelten f\u00fcr alle Vertr\u00e4ge, Lieferungen und sonstige Leistungen. Abweichenden Vorschriften des Vertragspartners widersprechen wir hiermit ausdr\u00fccklich. Alle Nebenabreden bed\u00fcrfen der schriftlichen Best\u00e4tigung unsererseits.<\/p><p>&#8222;Reinigungsbedarf aller Art&#8220; ist jederzeit berechtigt, diese allgemeinen Gesch\u00e4ftsbedingungen einschlie\u00dflich aller eventuellen Anlagen mit einer angemessenen K\u00fcndigungsfrist zu \u00e4ndern oder zu erg\u00e4nzen. Vorher eingehende Auftr\u00e4ge werden nach den dann noch g\u00fcltigen alten allgemeinen Gesch\u00e4ftsbedingungen bearbeitet.<\/p><ol start=\"2\" class=\"wp-block-list\"><li>Angebot<\/li><\/ol><p>Unsere Angebote sind unverbindlich. Kleine Abweichungen und technische \u00c4nderungen gegen\u00fcber unseren Abbildungen oder Beschreibungen sind m\u00f6glich.<\/p><ol start=\"3\" class=\"wp-block-list\"><li>Lieferung und Zahlung<\/li><\/ol><p>Die Lieferungs- und Zahlungsbedingungen von &#8222;Reinigungsbedarf aller Art&#8220; sind im Bestellformular n\u00e4her ausgewiesen.<br>Es gibt die Mindestbestellmenge von 20 Euro.<br>Alle unsere Preise enthalten die gesetzliche Umsatzsteuer in H\u00f6he von derzeit 19%.<br>Es bleibt uns vorbehalten, eine Teillieferung vorzunehmen, sofern dies f\u00fcr eine z\u00fcgige Abwicklung vorteilhaft erscheint.<br>Bei Vorkasse gew\u00e4hre ich Ihnen 2 Prozent Skonto.<br>Bei eBay-Verk\u00e4ufen wird kein Skonto gew\u00e4hrt.<\/p><ol start=\"4\" class=\"wp-block-list\"><li>Lieferzeiten<\/li><\/ol><p>Ware, die am Lager ist (f\u00fcr Bef\u00f6rderungsprobleme haften wir nicht) kommt innerhalb von 5 Tagen zum Versand. Ist die Ware bei Bestellung nicht vorr\u00e4tig, bem\u00fchen wir uns um schnellstm\u00f6gliche Lieferung. Falls die Nichteinhaltung einer Liefer- oder Leistungsfrist auf h\u00f6here Gewalt, Arbeitskampf, unvorhersehbare Hindernisse oder sonstige von uns nicht zu vertretende Umst\u00e4nde zur\u00fcckzuf\u00fchren ist, wird die Frist angemessen verl\u00e4ngert. Bei Nichteinhaltung der Lieferfrist aus anderen als den o. g. Gr\u00fcnden ist der K\u00e4ufer berechtigt, schriftlich eine angemessene Nachfrist mit Ablehnungsandrohung zu setzen und nach deren erfolglosem Ablauf hinsichtlich der im Vertrag befindlichen Lieferung oder Leistung vom Vertrag zur\u00fcckzutreten. Beruht die Unm\u00f6glichkeit der Lieferung auf Unverm\u00f6gen des Herstellers oder unseres Zulieferers, so k\u00f6nnen sowohl wir als auch der K\u00e4ufer vom Vertrag zur\u00fccktreten, sofern der vereinbarte Liefertermin um mehr als 2 Monate \u00fcberschritten ist. Schadensersatzanspr\u00fcche wegen Verzug oder Unm\u00f6glichkeit bzw. Nichterf\u00fcllung, auch solche, die bis zu R\u00fccktritt vom Vertrag entstanden sind, sind ausgeschlossen. Es sei denn, da\u00df ein gesetzlicher Vertreter der Firma &#8222;Reinigungsbedarf aller Art&#8220; vors\u00e4tzlich oder grob fahrl\u00e4ssig gehandelt hat.<\/p><ol start=\"5\" class=\"wp-block-list\"><li>R\u00fcckgabe- und Widerrufsrecht<\/li><\/ol><p>Widerrufsbelehrung<\/p><p>Widerrufsrecht<br>Sie haben das Recht, binnen vierzehn Tagen ohne Angabe von Gr\u00fcnden diesen Vertrag zu widerrufen.<br>Die Widerrufsfrist betr\u00e4gt vierzehn Tage ab dem Tag, an dem Sie oder ein von Ihnen benannter Dritter, der nicht der Bef\u00f6rderer ist, die Waren in Besitz genommen haben bzw. hat.<br>Um Ihr Widerrufsrecht auszu\u00fcben, m\u00fcssen Sie mich<br>Detlev Donath, Stra\u00dfe der Jugend 21, 03253 Doberlug-Kirchhain<br>Fax: 035322 34498 oder info@reinigungsbedarf-donath.de<br>mittels einer eindeutigen Erkl\u00e4rung<br>(z. B. ein mit der Post versandter Brief, Telefax oder E-Mail) \u00fcber Ihren Entschluss,<br>diesen Vertrag zu widerrufen, informieren.<br>Sie k\u00f6nnen daf\u00fcr das beigef\u00fcgte Muster-Widerrufsformular verwenden, das jedoch nicht vorgeschrieben ist.<br>Sie k\u00f6nnen das Muster-Widerrufsformular oder eine andere eindeutige Erkl\u00e4rung auch hier auf unserer Webseite elektronisch ausf\u00fcllen<br>und \u00fcbermitteln.<\/p><p>Machen Sie von dieser M\u00f6glichkeit Gebrauch, so werden wir Ihnen unverz\u00fcglich (z. B. per E-Mail) eine Best\u00e4tigung \u00fcber den Eingang eines solchen Widerrufs \u00fcbermitteln.<br>Zur Wahrung der Widerrufsfrist reicht es aus, dass Sie die Mitteilung \u00fcber die Aus\u00fcbung des Widerrufsrechts vor Ablauf der Widerrufsfrist absenden.<br>Folgen des Widerrufs<br>Wenn Sie diesen Vertrag widerrufen, haben wir Ihnen alle Zahlungen, die wir von Ihnen erhalten haben, einschlie\u00dflich der Lieferkosten (mit Ausnahme der zus\u00e4tzlichen Kosten, die sich daraus ergeben, dass Sie eine andere Art der Lieferung als die von uns angebotene, g\u00fcnstigste Standardlieferung gew\u00e4hlt haben), unverz\u00fcglich und sp\u00e4testens binnen vierzehn Tagen ab dem Tag zur\u00fcckzuzahlen, an dem die Mitteilung \u00fcber Ihren Widerruf dieses Vertrags bei uns eingegangen ist. F\u00fcr diese R\u00fcckzahlung verwenden wir dasselbe Zahlungsmittel, das Sie bei der urspr\u00fcnglichen Transaktion eingesetzt haben, es sei denn, mit Ihnen wurde ausdr\u00fccklich etwas anderes vereinbart; in keinem Fall werden Ihnen wegen dieser R\u00fcckzahlung Entgelte berechnet. Wir k\u00f6nnen die R\u00fcckzahlung verweigern, bis wir die Waren wieder zur\u00fcckerhalten haben oder bis Sie den Nachweis erbracht haben, dass Sie die Waren zur\u00fcckgesandt haben, je nachdem, welches der fr\u00fchere Zeitpunkt ist.<br>Sie haben die Waren unverz\u00fcglich und in jedem Fall sp\u00e4testens binnen vierzehn Tagen ab dem Tag, an dem Sie uns \u00fcber den Widerruf dieses Vertrags unterrichten, an uns zur\u00fcckzusenden oder zu \u00fcbergeben. Die Frist ist gewahrt, wenn Sie die Waren vor Ablauf der Frist von vierzehn Tagen absenden. Sie tragen die unmittelbaren Kosten der R\u00fccksendung der Waren.<br>Sie m\u00fcssen f\u00fcr einen etwaigen Wertverlust der Waren nur aufkommen, wenn dieser Wertverlust auf einen zur Pr\u00fcfung der Beschaffenheit, Eigenschaften und Funktionsweise der Waren nicht notwendigen Umgang mit ihnen zur\u00fcckzuf\u00fchren ist.<\/p><ol start=\"6\" class=\"wp-block-list\"><li>Gefahren\u00fcbergang<\/li><\/ol><p>Die Gefahr geht mit \u00dcbergabe der Ware durch den von &#8222;Reinigungsbedarf aller Art&#8220; beauftragten Paketdienst (Mit der \u00dcbernahme-Unterschrift des K\u00e4ufers beim Paketdienst), auf den K\u00e4ufer \u00fcber. Die versendete Ware ist deshalb grunds\u00e4tzlich versichert und wird zum Versand sorgf\u00e4ltig verpackt.<\/p><ol start=\"7\" class=\"wp-block-list\"><li>Gew\u00e4hrleistung<\/li><\/ol><p>&#8222;Reinigungsbedarf aller Art&#8220; gew\u00e4hrleistet, da\u00df die verkaufte Ware zum Zeitpunkt des Gefahr\u00fcberganges frei von Material- und Fabrikationsfehlern ist und die vertraglich zugesicherten Eigenschaften hat.<\/p><p>Kaufleute haben die Ware umgehend nach Empfang der Lieferung auf Vollst\u00e4ndigkeit oder etwaige M\u00e4ngel zu \u00fcberpr\u00fcfen und Abweichungen oder Transportsch\u00e4den sp\u00e4testens innerhalb von zwei Wochen ab \u00dcbergabe bei uns schriftlich zu melden. Erfolgt die Meldung nicht rechtzeitig, gilt die Ware als genehmigt. Bei versteckten M\u00e4ngeln ist die Mitteilung jedenfalls innerhalb der Gew\u00e4hrleistungsfrist vorzunehmen. Im \u00dcbrigen gelten die gesetzlichen Vorschriften gem\u00e4\u00df \u00a7\u00a7 437 ff., 475 Abs. 1 BGB.<\/p><p>Die Dauer der Gew\u00e4hrleistung betr\u00e4gt zwei Jahre. Sie beginnt mit dem Zugang der Ware beim Kunden.<\/p><p>Im Fall des Mangels kann der Kunde gem\u00e4\u00df \u00a7 439 BGB nach seiner Wahl die Beseitigung des Mangels oder die Lieferung einer mangelfreien Sache verlangen. &#8222;Reinigungsbedarf aller Art&#8220; kann im Rahmen des \u00a7 439 die vom K\u00e4ufer gew\u00e4hlte Art der Nacherf\u00fcllung verweigern, wenn sie nur mit unverh\u00e4ltnism\u00e4\u00dfigen Kosten m\u00f6glich ist. Gelingt im Rahmen einer Reparatur die Beseitigung eines Mangels auch beim zweiten Versuch nicht, so ist der Kunde im Rahmen des \u00a7 439 BGB berechtigt, die Lieferung einer mangelfreien Sache zu verlangen oder den Kaufpreis zu mindern oder vom Vertrag zur\u00fcckzutreten. Der R\u00fccktritt ist ausgeschlossen, wenn der Mangel geringf\u00fcgig und unerheblich ist. Im \u00dcbrigen gilt \u00a7 437 BGB.<br>Werden M\u00e4ngel innerhalb angemessener Frist nicht behoben, so hat der K\u00e4ufer Anspruch auf Wandlung oder Minderung. Es gilt \u00a7 476a BGB.<br>Voraussetzung f\u00fcr die Gew\u00e4hrleistungsanspr\u00fcche ist, dass der Mangel nicht durch unsachgem\u00e4\u00dfe Benutzung oder \u00dcberanspruchung entstanden ist.<\/p><p>Die Gew\u00e4hrleistung erlischt, wenn der Kunde die gelieferte Ware ver\u00e4ndert.<br>Zeigt sich ein Mangel erst sp\u00e4ter als 6 Monate seit \u00dcbergabe, so hat der Kunde den Nachweis zu f\u00fchren, dass die Sache bei Gefahr\u00fcbergang mangelhaft war. Anderenfalls steht es &#8222;Reinigungsbedarf aller Art&#8220; frei, den Nachweis zu f\u00fchren, dass die Sache bei \u00dcbergabe keine Sachm\u00e4ngel aufwies.<\/p><ol start=\"8\" class=\"wp-block-list\"><li>Eigentumsvorbehalt<\/li><\/ol><p>Bis zur vollst\u00e4ndigen Bezahlung bleibt die Ware<br>Eigentum der Firma &#8222;Reinigungsbedarf aller Art&#8220;.<\/p><ol start=\"9\" class=\"wp-block-list\"><li>Datenschutzinformation<\/li><\/ol><p>Wir verwenden die von Ihnen mitgeteilten Daten ausschlie\u00dflich zur Erf\u00fcllung und Abwicklung Ihrer Bestellung. Ihre Daten werden strikt unter Ber\u00fccksichtigung des Bundesdatenschutzgesetzes (BDSG) sowie dem Telemediengesetz (TMG) behandelt. Wir geben Ihre personenbezogenen Daten einschlie\u00dflich Ihrer Adresse und E-Mail-Adresse nicht ohne Ihre ausdr\u00fcckliche und jederzeit widerrufliche Einwilligung an Dritte weiter. Ausgenommen hiervon sind unsere Dienstleistungspartner, die zur Bestellabwicklung die \u00dcbermittlung von Daten ben\u00f6tigen (z.B. das mit der Lieferung beauftragte Versandunternehmen und das mit der Zahlungsabwicklung beauftragte Kreditinstitut). In diesen F\u00e4llen beschr\u00e4nkt sich der Umfang der \u00fcbermittelten Daten jedoch nur auf das erforderliche Minimum. Wir sichern unsere Website und sonstigen Systeme durch technische und organisatorische Ma\u00dfnahmen gegen Verlust, Zerst\u00f6rung, Zugriff, Ver\u00e4nderung oder Verbreitung Ihrer Daten durch unbefugte Personen. Ihre Bestelldaten werden per SSL-Verschl\u00fcsselung \u00fcbertragen (TLS 1.0, RC4 mit 128 Bit Verschl\u00fcsselung (Hoch); RSA, 1024 Bit Austausch). Nach dem Bundesdatenschutzgesetz haben Sie ein Recht auf unentgeltliche Auskunft \u00fcber Ihre gespeicherten Daten sowie gegebenenfalls ein Recht auf Berichtigung, Sperrung oder L\u00f6schung dieser Daten. Bei Fragen zur Erhebung, Verarbeitung oder Nutzung Ihrer personenbezogenen Daten, bei Ausk\u00fcnften, Berichtigung, Sperrung oder L\u00f6schung von Daten, wenden Sie sich bitte \u00fcber unser Kontaktformular an uns oder \u00fcbersenden Ihr Anliegen per Post oder Telefax.<\/p><ol start=\"10\" class=\"wp-block-list\"><li>Versandkosten<\/li><\/ol><p>Versandkosten berechne ich anteilig , wenn der Bestellwert unter 130 Euro liegt.<br>Betrag: DHL  = 6,00 Euro<\/p><p>Die anteiligen Kosten f\u00fcr die Nachnahmegeb\u00fchr fallen immer zus\u00e4tzlich an.<br>Betr\u00e4ge: DHL (Post) = 4,62 Euro<br>Bei Vorkasse gew\u00e4hre ich Ihnen 2 Prozent Skonto auf den Bruttowert.<br>Sie erhalten eine Rechnung in der die Umsatzsteuer getrennt ausgewiesen ist.<\/p><p>Mindestbestellwert 20 Euro.<br>Liegt der Wert darunter, fallen die t\u00e4ts\u00e4chlichen Kosten f\u00fcr den Versand und die Nachnahme mit dem Paketdienst an.<br>Bei einem Gewicht bis 5 Kg. = 6,0 Euro und je nach Zahlungswunsch,<br>eventuell zus\u00e4tzlich Nachnahmekosten = 4,62 Euro.<\/p><ol start=\"10\" class=\"wp-block-list\"><li>Gerichtsstand<\/li><\/ol><p>Erf\u00fcllungsort und Gerichtsstand f\u00fcr beide Teile ist der Sitz von &#8222;Reinigungsbedarf aller Art&#8220;, das Amtsgericht Bad-Liebenwerda. Ausgenommen davon sind Privatpersonen.<br>Es gilt ausschlie\u00dflich das Recht der Bundesrepublik Deutschland.<br><br>Freistellungsvertrag gem\u00e4\u00df der Verpackungsordnung: Landbell Nr: 4121197<\/p>","protected":false},"excerpt":{"rendered":"<p>Nachstehende Allgemeine Gesch\u00e4ftsbedingungen gelten f\u00fcr alle Vertr\u00e4ge, Lieferungen und sonstige Leistungen. Abweichenden Vorschriften des Vertragspartners widersprechen wir hiermit ausdr\u00fccklich. Alle&hellip;<\/p>\n","protected":false},"author":1,"featured_media":0,"parent":0,"menu_order":0,"comment_status":"closed","ping_status":"closed","template":"","meta":{"footnotes":""},"class_list":["post-14","page","type-page","status-publish","hentry"],"_links":{"self":[{"href":"https:\/\/reinigungsbedarf-donath.de\/app\/index.php?rest_route=\/wp\/v2\/pages\/14"}],"collection":[{"href":"https:\/\/reinigungsbedarf-donath.de\/app\/index.php?rest_route=\/wp\/v2\/pages"}],"about":[{"href":"https:\/\/reinigungsbedarf-donath.de\/app\/index.php?rest_route=\/wp\/v2\/types\/page"}],"author":[{"embeddable":true,"href":"https:\/\/reinigungsbedarf-donath.de\/app\/index.php?rest_route=\/wp\/v2\/users\/1"}],"replies":[{"embeddable":true,"href":"https:\/\/reinigungsbedarf-donath.de\/app\/index.php?rest_route=%2Fwp%2Fv2%2Fcomments&post=14"}],"version-history":[{"count":3,"href":"https:\/\/reinigungsbedarf-donath.de\/app\/index.php?rest_route=\/wp\/v2\/pages\/14\/revisions"}],"predecessor-version":[{"id":1306,"href":"https:\/\/reinigungsbedarf-donath.de\/app\/index.php?rest_route=\/wp\/v2\/pages\/14\/revisions\/1306"}],"wp:attachment":[{"href":"https:\/\/reinigungsbedarf-donath.de\/app\/index.php?rest_route=%2Fwp%2Fv2%2Fmedia&parent=14"}],"curies":[{"name":"wp","href":"https:\/\/api.w.org\/{rel}","templated":true}]}}