{"id":17,"date":"2021-02-06T20:12:46","date_gmt":"2021-02-06T20:12:46","guid":{"rendered":"https:\/\/reinigungsbedarf-donath.de\/?page_id=17"},"modified":"2021-02-10T19:05:41","modified_gmt":"2021-02-10T19:05:41","slug":"bezahlmoeglichkeiten","status":"publish","type":"page","link":"https:\/\/reinigungsbedarf-donath.de\/app\/?page_id=17","title":{"rendered":"Zahlungsarten"},"content":{"rendered":"<div class=\"woocommerce woocommerce-gzd\">\n\t<ul class=\"payment_methods methods\">\n\t\t\t\t\t<li class=\"payment_method_cod\">\n\t\t\t\t<label>Per Nachnahme<\/label>\n\t\t\t\t\t\t\t\t\t<div class=\"payment_box payment_method_cod\">\n\t\t\t\t\t\t<p>Per Nachnahme zahlen. (Auftrag extra best\u00e4tigen, sonst kein Versand) <span class=\"woocommerce-Price-amount amount\"><span class=\"woocommerce-Price-currencySymbol\">&euro;<\/span>4,60<\/span> Zahlungsgeb\u00fchr.<\/p>\n\t\t\t\t\t<\/div>\n\t\t\t\t\t\t\t<\/li>\n\t\t\t\t\t<li class=\"payment_method_invoice\">\n\t\t\t\t<label>Vorkasse, PayPal, Rechnung<\/label>\n\t\t\t\t\t\t\t\t\t<div class=\"payment_box payment_method_invoice\">\n\t\t\t\t\t\t<p>Du erh\u00e4ltst nach der Bestellung eine Auftragsbest\u00e4tigung (im Pdf-Format) von uns. \r\nBitte \u00fcberweise den Gesamtbetrag innerhalb von 14 Tagen auf das dort angegebene Konto oder nehme die PayPal-Zahlung vor.\r\nAusnahme: Beh\u00f6rdliche Einrichtungen liefere ich auch auf Rechnung.<\/p>\n\t\t\t\t\t<\/div>\n\t\t\t\t\t\t\t<\/li>\n\t\t\t<\/ul>\n<\/div>\n<p>Ich akzeptiere Vorkasse, Nachnahme<br \/>und PayPal (Manuelle Ausf\u00fchrung)<\/p>\n<p>Die Auftragsbest\u00e4tigung wir immer manuell erstellt,<br \/>auf Schl\u00fcssigkeit gepr\u00fcft und notfalls telefonisch\/E-Mail hinterfragt.<\/p><p>Bei Nachnahme mu\u00df die Bestellung nochmals best\u00e4tigt werden.<\/p><p>Bei PayPal erhalten sie eine Zahlungsaufforderung von mir.<\/p>","protected":false},"excerpt":{"rendered":"<p>Ich akzeptiere Vorkasse, Nachnahmeund PayPal (Manuelle Ausf\u00fchrung) Die Auftragsbest\u00e4tigung wir immer manuell erstellt,auf Schl\u00fcssigkeit gepr\u00fcft und notfalls telefonisch\/E-Mail hinterfragt. Bei&hellip;<\/p>\n","protected":false},"author":1,"featured_media":0,"parent":0,"menu_order":0,"comment_status":"closed","ping_status":"closed","template":"","meta":{"footnotes":""},"class_list":["post-17","page","type-page","status-publish","hentry"],"_links":{"self":[{"href":"https:\/\/reinigungsbedarf-donath.de\/app\/index.php?rest_route=\/wp\/v2\/pages\/17"}],"collection":[{"href":"https:\/\/reinigungsbedarf-donath.de\/app\/index.php?rest_route=\/wp\/v2\/pages"}],"about":[{"href":"https:\/\/reinigungsbedarf-donath.de\/app\/index.php?rest_route=\/wp\/v2\/types\/page"}],"author":[{"embeddable":true,"href":"https:\/\/reinigungsbedarf-donath.de\/app\/index.php?rest_route=\/wp\/v2\/users\/1"}],"replies":[{"embeddable":true,"href":"https:\/\/reinigungsbedarf-donath.de\/app\/index.php?rest_route=%2Fwp%2Fv2%2Fcomments&post=17"}],"version-history":[{"count":2,"href":"https:\/\/reinigungsbedarf-donath.de\/app\/index.php?rest_route=\/wp\/v2\/pages\/17\/revisions"}],"predecessor-version":[{"id":259,"href":"https:\/\/reinigungsbedarf-donath.de\/app\/index.php?rest_route=\/wp\/v2\/pages\/17\/revisions\/259"}],"wp:attachment":[{"href":"https:\/\/reinigungsbedarf-donath.de\/app\/index.php?rest_route=%2Fwp%2Fv2%2Fmedia&parent=17"}],"curies":[{"name":"wp","href":"https:\/\/api.w.org\/{rel}","templated":true}]}}