{"id":1042,"date":"2023-03-19T15:13:39","date_gmt":"2023-03-19T15:13:39","guid":{"rendered":"https:\/\/reinigungsbedarf-donath.de\/app\/?post_type=product&#038;p=1042"},"modified":"2025-12-18T10:38:00","modified_gmt":"2025-12-18T10:38:00","slug":"fithandspuelmittel-10-ltr-kanister","status":"publish","type":"product","link":"https:\/\/reinigungsbedarf-donath.de\/app\/?product=fithandspuelmittel-10-ltr-kanister","title":{"rendered":"fit\u00aeGeschirrsp\u00fclmittel 10 ltr. Kanister"},"content":{"rendered":"<p><span style=\"font-size: 14pt;\"><strong>fit \u00ae Geschirrsp\u00fclmittel<\/strong><\/span><\/p>\n<p>verbindet h\u00f6chste Sp\u00fclkraft und sparsamen Verbrauch. Mit der innovativen hautschonenden Wirkstoffkombination sorgt es nicht nur f\u00fcr optimale Sp\u00fclergebnisse, sondern schont auch Ihre H\u00e4nde. Es reinigt Geschirr verschiedenster Materialien wie Glas, Porzellan, Kunststoff, Edelstahl und Holz gr\u00fcndlich und schnell.<\/p>\n<p><img loading=\"lazy\" decoding=\"async\" class=\"size-full wp-image-289\" src=\"https:\/\/reinigungsbedarf-donath.de\/app\/wp-content\/uploads\/2021\/02\/GHS07.jpg\" alt=\"Gefahr\" width=\"118\" height=\"117\" srcset=\"https:\/\/reinigungsbedarf-donath.de\/app\/wp-content\/uploads\/2021\/02\/GHS07.jpg 118w, https:\/\/reinigungsbedarf-donath.de\/app\/wp-content\/uploads\/2021\/02\/GHS07-100x100.jpg 100w\" sizes=\"(max-width: 118px) 100vw, 118px\" \/><\/p>\n<p>Achtung<\/p>\n<p><strong>UFI: D2T7-6WA0-420M-U38F<\/strong><\/p>\n<p><strong>Gefahrenhinweise:<\/strong><br \/>\nH319 Verursacht schwere Augenreizung.<br \/>\nDarf nicht in die H\u00e4nde von Kindern gelangen. Augenschutz tragen. BEI KONTAKT MIT DEN AUGEN: Einige Minuten lang behutsam mit Wasser aussp\u00fclen. Bei anhaltender Augenreizung: \u00c4rztlichen Rat einholen\/\u00e4rztliche Hilfe hinzuziehen.Ist \u00e4rztlicher Rat erforderlich, Verpackung oder Kennzeichnungsetikett bereithalten.<\/p>\n<p><strong>Liste der Inhaltsstoffe:<\/strong> f\u00fcr fit Sp\u00fclmittel Original<\/p>\n<ul>\n<li>AQUA<\/li>\n<li>SODIUM LAURETH SULFATE<\/li>\n<li>COCAMIDOPROPYL BETAINE<\/li>\n<li>SODIUM CHLORIDE<\/li>\n<li>PARFUM<\/li>\n<li>2-BROMO-2-NITROPROPANE-1,3-DIOL<\/li>\n<li>COLORANT<\/li>\n<\/ul>\n","protected":false},"excerpt":{"rendered":"<p>fit\u00aeHandsp\u00fclmittel 10 ltr. Kanister<\/p>\n","protected":false},"featured_media":1043,"template":"","meta":[],"product_cat":[57],"product_tag":[],"class_list":{"0":"post-1042","1":"product","2":"type-product","3":"status-publish","4":"has-post-thumbnail","6":"product_cat-kuechenreiniger","8":"first","9":"instock","10":"taxable","11":"shipping-taxable","12":"purchasable","13":"product-type-simple"},"_links":{"self":[{"href":"https:\/\/reinigungsbedarf-donath.de\/app\/index.php?rest_route=\/wp\/v2\/product\/1042"}],"collection":[{"href":"https:\/\/reinigungsbedarf-donath.de\/app\/index.php?rest_route=\/wp\/v2\/product"}],"about":[{"href":"https:\/\/reinigungsbedarf-donath.de\/app\/index.php?rest_route=\/wp\/v2\/types\/product"}],"wp:featuredmedia":[{"embeddable":true,"href":"https:\/\/reinigungsbedarf-donath.de\/app\/index.php?rest_route=\/wp\/v2\/media\/1043"}],"wp:attachment":[{"href":"https:\/\/reinigungsbedarf-donath.de\/app\/index.php?rest_route=%2Fwp%2Fv2%2Fmedia&parent=1042"}],"wp:term":[{"taxonomy":"product_cat","embeddable":true,"href":"https:\/\/reinigungsbedarf-donath.de\/app\/index.php?rest_route=%2Fwp%2Fv2%2Fproduct_cat&post=1042"},{"taxonomy":"product_tag","embeddable":true,"href":"https:\/\/reinigungsbedarf-donath.de\/app\/index.php?rest_route=%2Fwp%2Fv2%2Fproduct_tag&post=1042"}],"curies":[{"name":"wp","href":"https:\/\/api.w.org\/{rel}","templated":true}]}}