{"id":1209,"date":"2024-10-23T14:23:56","date_gmt":"2024-10-23T14:23:56","guid":{"rendered":"https:\/\/reinigungsbedarf-donath.de\/app\/?post_type=product&#038;p=1209"},"modified":"2024-10-23T14:31:41","modified_gmt":"2024-10-23T14:31:41","slug":"fala-neutralreiniger-1000-ml-flasche","status":"publish","type":"product","link":"https:\/\/reinigungsbedarf-donath.de\/app\/?product=fala-neutralreiniger-1000-ml-flasche","title":{"rendered":"FALA Neutralreiniger 1000 ml. Flasche"},"content":{"rendered":"<p><span style=\"font-size: 14pt;\"><strong>Neutralreiniger\u00a0\u00a0 <\/strong><\/span>Schaumarmer Unterhaltsreiniger.<\/p>\n<p><b>Produkteigenschaften:<\/b><br \/>\nNeutralreiniger ist pH-neutral und f\u00fcr eine Vielzahl von wasserfesten Oberfl\u00e4chen geeignet.<br \/>\nDie sehr gute Benetzung, auch von schwierigen Oberfl\u00e4chen, f\u00fchrt zu schneller, gr\u00fcndlicher<br \/>\nund streifenfreier Reinigung. Das Produkt besitzt einen angenehmen, lang anhaltenden Duft.<br \/>\nGeeignet auch zum Einsatz im Reinigungsautomaten. Ohne L\u00f6sungsmittel.<br \/>\n<b>Einsatzbereich:<\/b><br \/>\nZum vielseitigen Einsatz auf Fliesen, Glas, Kacheln, Kunststoff (PVC, Gummi, Polyolefin),<br \/>\nlackierten Fl\u00e4chen und anderen wasserfesten Oberfl\u00e4chen.<br \/>\n<b>Anwendung:<\/b><br \/>\nManuelle Verarbeitung: Reinigungsl\u00f6sung mit Wischmopp oder Tuch auf der Fl\u00e4che verarbeiten.<br \/>\nDie maschinelle Verarbeitung erfolgt mittels Reinigungsautomaten.<br \/>\n<b>Dosierung:<\/b><br \/>\nUnterhaltsreinigung: 20 &#8211; 40 ml auf 8 Liter Wasser. Verd\u00fcnnung von 1:400 &#8211; 1:200<br \/>\nAutomatenreinigung: 40 ml auf 10 Liter Wasser. Verd\u00fcnnung von 1:250<\/p>\n<p><b>Inhaltsstoffe:<\/b><br \/>\n&lt;5% nichtionische Tenside, &lt;5% anionische Tenside, Duftstoffe, Methylchloroisothiazolinone,<br \/>\nMethylisothiazolinone, Hexyl Cinnamal, Butylphenyl Methylpropional\u00a0\u00a0 <b>ph-Wert: 6,5<\/b><\/p>\n<div id=\"attachment_293\" style=\"width: 112px\" class=\"wp-caption alignnone\"><img loading=\"lazy\" decoding=\"async\" aria-describedby=\"caption-attachment-293\" class=\" wp-image-293\" src=\"https:\/\/reinigungsbedarf-donath.de\/app\/wp-content\/uploads\/2021\/02\/GH05A.jpg\" alt=\"Gefahr\" width=\"102\" height=\"102\" \/><p id=\"caption-attachment-293\" class=\"wp-caption-text\">Gefahr<\/p><\/div>\n<p align=\"left\"><span style=\"color: #000000;\"><span style=\"font-family: Arial;\"><span style=\"font-size: medium;\"><span style=\"font-size: small;\"><b>Gefahrenhinweis: <\/b><\/span><\/span><\/span><\/span><\/p>\n<p align=\"left\"><span style=\"color: #000000;\"><span style=\"font-family: Arial;\"><span style=\"font-size: medium;\"><span style=\"font-size: small;\">H318 Verursacht schwere Augensch\u00e4den. <\/span><\/span><\/span><\/span><\/p>\n<p align=\"left\"><span style=\"color: #000000;\"><span style=\"font-family: Arial;\"><span style=\"font-size: medium;\"><span style=\"font-size: small;\"><b>Sicherheitshinweise:<\/b><\/span> <\/span><\/span><\/span><\/p>\n<p align=\"left\"><span style=\"color: #000000;\"><span style=\"font-family: Arial;\"><span style=\"font-size: medium;\"><span style=\"font-size: small;\">P280 Schutzhandschuhe\/ Schutzkleidung\/ Augenschutz\/Gesichtsschutz tragen. <\/span><\/span><\/span><\/span><\/p>\n<p align=\"left\"><span style=\"color: #000000;\"><span style=\"font-family: Arial;\"><span style=\"font-size: medium;\"><span style=\"font-size: small;\">P305+P351+P338 BEI KONTAKT MIT DEN AUGEN: Einige Minuten lang behutsam mit Wasser sp\u00fclen. Vorhandene Kontaktlinsen nach M\u00f6glichkeit entfernen. Weiter sp\u00fclen. <\/span><\/span><\/span><\/span><\/p>\n","protected":false},"excerpt":{"rendered":"<p>Fala Neutralreiniger 1000 ml. Flasche<\/p>\n","protected":false},"featured_media":1210,"template":"","meta":[],"product_cat":[34],"product_tag":[],"class_list":{"0":"post-1209","1":"product","2":"type-product","3":"status-publish","4":"has-post-thumbnail","6":"product_cat-unterhalt","8":"first","9":"instock","10":"taxable","11":"shipping-taxable","12":"purchasable","13":"product-type-simple"},"_links":{"self":[{"href":"https:\/\/reinigungsbedarf-donath.de\/app\/index.php?rest_route=\/wp\/v2\/product\/1209"}],"collection":[{"href":"https:\/\/reinigungsbedarf-donath.de\/app\/index.php?rest_route=\/wp\/v2\/product"}],"about":[{"href":"https:\/\/reinigungsbedarf-donath.de\/app\/index.php?rest_route=\/wp\/v2\/types\/product"}],"wp:featuredmedia":[{"embeddable":true,"href":"https:\/\/reinigungsbedarf-donath.de\/app\/index.php?rest_route=\/wp\/v2\/media\/1210"}],"wp:attachment":[{"href":"https:\/\/reinigungsbedarf-donath.de\/app\/index.php?rest_route=%2Fwp%2Fv2%2Fmedia&parent=1209"}],"wp:term":[{"taxonomy":"product_cat","embeddable":true,"href":"https:\/\/reinigungsbedarf-donath.de\/app\/index.php?rest_route=%2Fwp%2Fv2%2Fproduct_cat&post=1209"},{"taxonomy":"product_tag","embeddable":true,"href":"https:\/\/reinigungsbedarf-donath.de\/app\/index.php?rest_route=%2Fwp%2Fv2%2Fproduct_tag&post=1209"}],"curies":[{"name":"wp","href":"https:\/\/api.w.org\/{rel}","templated":true}]}}