{"id":1211,"date":"2024-10-23T14:43:14","date_gmt":"2024-10-23T14:43:14","guid":{"rendered":"https:\/\/reinigungsbedarf-donath.de\/app\/?post_type=product&#038;p=1211"},"modified":"2024-10-25T10:14:50","modified_gmt":"2024-10-25T10:14:50","slug":"fala-skona-fresh-alkoholreiniger-1000-ml-flasche","status":"publish","type":"product","link":"https:\/\/reinigungsbedarf-donath.de\/app\/?product=fala-skona-fresh-alkoholreiniger-1000-ml-flasche","title":{"rendered":"FALA Skona fresh, Alkoholreiniger -1000 ml. Flasche"},"content":{"rendered":"<p><strong>Alkoholreiniger mit Frischeduft<\/strong><br \/>\n<b>Produkteigenschaften:<\/b><br \/>\nSkona fresh reinigt und pflegt Stein- und Kunststoffb\u00f6den, Fliesen, Glas und Porzellan.<br \/>\nTrocknet schnell und streifenfrei auf und bringt den urspr\u00fcnglichen Glanz zur\u00fcck.<br \/>\nSkona fresh ist pH-neutral und auch f\u00fcr empfindliche Oberfl\u00e4chen geeignet.<br \/>\nMit frischem Grapefruit Duft.<\/p>\n<p><b>Einsatzbereich:<\/b><br \/>\nZur Reinigung von allen wasserfesten Oberfl\u00e4chen, wie glasierte Fliesen, Glas, Porzellan,<br \/>\nKautschukb\u00f6den, PVC, andere Kunststoffoberfl\u00e4chen, Natursteine, Kunststeine etc.<\/p>\n<p><b>Anwendung:<\/b><br \/>\nManuelle Verarbeitung: Reinigungsl\u00f6sung mit Wischmopp oder Tuch auf der Fl\u00e4che verarbeiten.<br \/>\nJe nach Grad der Verschmutzung die Dosierung entsprechend anpassen.<\/p>\n<p><b>Dosierung:<\/b><br \/>\nUnterhaltsreinigung: 40 ml auf 8 Liter Wasser. Verd\u00fcnnung von 1:200<\/p>\n<p><b>Inhaltsstoffe:<\/b><br \/>\n&lt;5% anionische Tenside, &lt;5% nichtionische Tenside, Duftstoffe,<br \/>\nLinalool, Geraniol, Limonene \u00a0 \u00a0 \u00a0 \u00a0 \u00a0 \u00a0 \u00a0 \u00a0 \u00a0 \u00a0 \u00a0 \u00a0 \u00a0 \u00a0 \u00a0 \u00a0 \u00a0 \u00a0 \u00a0 \u00a0 \u00a0 \u00a0 \u00a0 \u00a0 \u00a0 \u00a0 \u00a0\u00a0 <b> ph-Wert: 6,9<\/b><\/p>\n<div id=\"attachment_293\" style=\"width: 85px\" class=\"wp-caption alignnone\"><img loading=\"lazy\" decoding=\"async\" aria-describedby=\"caption-attachment-293\" class=\"size-full wp-image-293\" src=\"https:\/\/reinigungsbedarf-donath.de\/app\/wp-content\/uploads\/2021\/02\/GH05A.jpg\" alt=\"Gefahr\" width=\"75\" height=\"75\" \/><p id=\"caption-attachment-293\" class=\"wp-caption-text\">Gefahr<\/p><\/div>\n<div id=\"attachment_294\" style=\"width: 81px\" class=\"wp-caption alignnone\"><img loading=\"lazy\" decoding=\"async\" aria-describedby=\"caption-attachment-294\" class=\" wp-image-294\" src=\"https:\/\/reinigungsbedarf-donath.de\/app\/wp-content\/uploads\/2021\/02\/GHS02.jpg\" alt=\"Gefahr\" width=\"71\" height=\"71\" srcset=\"https:\/\/reinigungsbedarf-donath.de\/app\/wp-content\/uploads\/2021\/02\/GHS02.jpg 118w, https:\/\/reinigungsbedarf-donath.de\/app\/wp-content\/uploads\/2021\/02\/GHS02-100x100.jpg 100w\" sizes=\"(max-width: 71px) 100vw, 71px\" \/><p id=\"caption-attachment-294\" class=\"wp-caption-text\">Gefahr<\/p><\/div>\n<p align=\"left\"><span style=\"color: #000000;\"><span style=\"font-family: Arial;\"><span style=\"font-size: medium;\"><span style=\"font-size: small;\"><b>Gefahrenhinweise: <\/b><\/span><\/span><\/span><\/span><\/p>\n<p align=\"left\"><span style=\"color: #000000;\"><span style=\"font-family: Arial;\"><span style=\"font-size: medium;\"><span style=\"font-size: small;\">H318 Verursacht schwere Augensch\u00e4den <\/span><\/span><\/span><\/span><\/p>\n<p align=\"left\"><span style=\"color: #000000;\"><span style=\"font-family: Arial;\"><span style=\"font-size: medium;\"><span style=\"font-size: small;\"><br \/>\n<\/span><span style=\"font-size: small;\"><b>Sicherheitshinweise<\/b><\/span><span style=\"font-size: small;\"><b>: <\/b><\/span><\/span><\/span><\/span><\/p>\n<p align=\"left\"><span style=\"color: #000000;\"><span style=\"font-family: Arial;\"><span style=\"font-size: medium;\"><span style=\"font-size: small;\">P280 Schutzhandschuhe\/Schutzkleidung\/Augenschutz\/Gesichtsschutz tragen. <\/span><\/span><\/span><\/span><\/p>\n<p align=\"left\"><span style=\"color: #000000;\"><span style=\"font-family: Arial;\"><span style=\"font-size: medium;\"><span style=\"font-size: small;\">P305+P351+P338 BEI KONTAKT MIT DEN AUGEN: Einige Minuten lang behutsam mit Wasser sp\u00fclen. Eventuell vorhandene Kontaktlinsen nach M\u00f6glichkeit entfernen. Weiter sp\u00fclen. <\/span><\/span><\/span><\/span><\/p>\n<p align=\"left\"><span style=\"color: #000000;\"><span style=\"font-family: Arial;\"><span style=\"font-size: medium;\"><span style=\"font-size: small;\">P310 Sofort GIFTINFORMATIONSZENTRUM oder Arzt anrufen. <\/span><\/span><\/span><\/span><\/p>\n<p align=\"left\"><span style=\"color: #000000;\"><span style=\"font-family: Arial;\"><span style=\"font-size: medium;\"><span style=\"font-size: small;\"><b>Enth\u00e4lt: <\/b><\/span><span style=\"font-size: small;\">Benzolsulfons\u00e4ure, C10-13 Alkylderivate, Natriumsalze <\/span><\/span><\/span><\/span><\/p>\n<p align=\"left\"><span style=\"color: #000000;\"><span style=\"font-family: Arial;\"><span style=\"font-size: medium;\"><span style=\"font-size: small;\">Erg\u00e4nzende Gefahreninformationen (EU): <\/span><\/span><\/span><\/span><\/p>\n<p align=\"left\"><span style=\"color: #000000;\"><span style=\"font-family: Arial;\"><span style=\"font-size: medium;\"><span style=\"font-size: small;\">EUH208 Enth\u00e4lt Limonene. Kann allergische Reaktionen hervorrufen. <\/span><\/span><\/span><\/span><\/p>\n","protected":false},"excerpt":{"rendered":"<p>Fala Skona fresh, Alkoholreiniger 1000 ml. Flasche<\/p>\n","protected":false},"featured_media":1212,"template":"","meta":[],"product_cat":[34],"product_tag":[],"class_list":{"0":"post-1211","1":"product","2":"type-product","3":"status-publish","4":"has-post-thumbnail","6":"product_cat-unterhalt","8":"first","9":"instock","10":"taxable","11":"shipping-taxable","12":"purchasable","13":"product-type-simple"},"_links":{"self":[{"href":"https:\/\/reinigungsbedarf-donath.de\/app\/index.php?rest_route=\/wp\/v2\/product\/1211"}],"collection":[{"href":"https:\/\/reinigungsbedarf-donath.de\/app\/index.php?rest_route=\/wp\/v2\/product"}],"about":[{"href":"https:\/\/reinigungsbedarf-donath.de\/app\/index.php?rest_route=\/wp\/v2\/types\/product"}],"wp:featuredmedia":[{"embeddable":true,"href":"https:\/\/reinigungsbedarf-donath.de\/app\/index.php?rest_route=\/wp\/v2\/media\/1212"}],"wp:attachment":[{"href":"https:\/\/reinigungsbedarf-donath.de\/app\/index.php?rest_route=%2Fwp%2Fv2%2Fmedia&parent=1211"}],"wp:term":[{"taxonomy":"product_cat","embeddable":true,"href":"https:\/\/reinigungsbedarf-donath.de\/app\/index.php?rest_route=%2Fwp%2Fv2%2Fproduct_cat&post=1211"},{"taxonomy":"product_tag","embeddable":true,"href":"https:\/\/reinigungsbedarf-donath.de\/app\/index.php?rest_route=%2Fwp%2Fv2%2Fproduct_tag&post=1211"}],"curies":[{"name":"wp","href":"https:\/\/api.w.org\/{rel}","templated":true}]}}