{"id":1219,"date":"2024-10-24T15:30:16","date_gmt":"2024-10-24T15:30:16","guid":{"rendered":"https:\/\/reinigungsbedarf-donath.de\/app\/?post_type=product&#038;p=1219"},"modified":"2024-10-24T15:34:37","modified_gmt":"2024-10-24T15:34:37","slug":"glasreiniger-citos-10-ltr-kanister","status":"publish","type":"product","link":"https:\/\/reinigungsbedarf-donath.de\/app\/?product=glasreiniger-citos-10-ltr-kanister","title":{"rendered":"Glasreiniger Citos 10 ltr. Kanister"},"content":{"rendered":"<p><span style=\"font-size: 14pt;\"><strong>CITOS-Glasrein\u00a0 <\/strong><\/span>streifenfreie Reinigung<br \/>\n&#8211; Fenster<br \/>\n&#8211; Spiegelglas<br \/>\n&#8211; alle glatten Fl\u00e4chen<\/p>\n<p>CITOS-Glasreiniger ist ein alkoholischer Reiniger mit speziellen Waschaktiven Substanzen und Wirkstoffen f\u00fcr die Entfernung von Insektenr\u00fcckst\u00e4nden.<br \/>\nGlasreiniger auf die zu reinigende Fl\u00e4che aufspr\u00fchen und mit einem Tuch verreiben.<br \/>\nGlasreiniger ist auch zur Reinigung und Pflege von Resopal, B\u00fcrom\u00f6bel und Schr\u00e4nke geeignet.<\/p>\n<p><strong>Inhaltsstoffe:<\/strong><br \/>\nunter 5% anionische Tenside,<br \/>\nunter 5% nichtionische Tenside, Alkohol , Farbstoff\u00a0\u00a0\u00a0 UBA 17070020\u00a0\u00a0\u00a0\u00a0 <strong>pH-Wert 5-6 <\/strong>bei 20\u00b0C<\/p>\n<p><strong>Gefahrenhinweise:<\/strong> entf\u00e4llt<\/p>\n<p><strong>Sicherheitshinweise:<\/strong><br \/>\nP102 Darf nicht in die H\u00e4nde von Kindern gelangen.<br \/>\nP260 Dampf \/ Aerosol nicht einatmen.<br \/>\nP280 Schutzhandschuhe tragen.<br \/>\nP305+P351+P338 BEI KONTAKT MIT DEN AUGEN: Einige Minuten lang behutsam mit Wasser sp\u00fclen. Vorhandene Kontaktlinsen nach M\u00f6glichkeit entfernen.<br \/>\nWeiter sp\u00fclen.<br \/>\nP501 Inhalt\/Beh\u00e4lter der lokalen Vorschriften der Entsorgung zuf\u00fchren.<\/p>\n","protected":false},"excerpt":{"rendered":"<p>Glasreiniger Citos 10 ltr.<\/p>\n","protected":false},"featured_media":1220,"template":"","meta":[],"product_cat":[46],"product_tag":[],"class_list":{"0":"post-1219","1":"product","2":"type-product","3":"status-publish","4":"has-post-thumbnail","6":"product_cat-glasreiniger-glasreiniger","8":"first","9":"instock","10":"taxable","11":"shipping-taxable","12":"purchasable","13":"product-type-simple"},"_links":{"self":[{"href":"https:\/\/reinigungsbedarf-donath.de\/app\/index.php?rest_route=\/wp\/v2\/product\/1219"}],"collection":[{"href":"https:\/\/reinigungsbedarf-donath.de\/app\/index.php?rest_route=\/wp\/v2\/product"}],"about":[{"href":"https:\/\/reinigungsbedarf-donath.de\/app\/index.php?rest_route=\/wp\/v2\/types\/product"}],"wp:featuredmedia":[{"embeddable":true,"href":"https:\/\/reinigungsbedarf-donath.de\/app\/index.php?rest_route=\/wp\/v2\/media\/1220"}],"wp:attachment":[{"href":"https:\/\/reinigungsbedarf-donath.de\/app\/index.php?rest_route=%2Fwp%2Fv2%2Fmedia&parent=1219"}],"wp:term":[{"taxonomy":"product_cat","embeddable":true,"href":"https:\/\/reinigungsbedarf-donath.de\/app\/index.php?rest_route=%2Fwp%2Fv2%2Fproduct_cat&post=1219"},{"taxonomy":"product_tag","embeddable":true,"href":"https:\/\/reinigungsbedarf-donath.de\/app\/index.php?rest_route=%2Fwp%2Fv2%2Fproduct_tag&post=1219"}],"curies":[{"name":"wp","href":"https:\/\/api.w.org\/{rel}","templated":true}]}}