{"id":1264,"date":"2024-11-06T11:48:47","date_gmt":"2024-11-06T11:48:47","guid":{"rendered":"https:\/\/reinigungsbedarf-donath.de\/app\/?post_type=product&#038;p=1264"},"modified":"2024-12-10T08:49:47","modified_gmt":"2024-12-10T08:49:47","slug":"cremeseife-sensitive-1000-ml-nachfuellpack","status":"publish","type":"product","link":"https:\/\/reinigungsbedarf-donath.de\/app\/?product=cremeseife-sensitive-1000-ml-nachfuellpack","title":{"rendered":"Cremeseife Sensitive 1000 ml. Nachf\u00fcllpack"},"content":{"rendered":"<p><strong>Sensitive Cremseife<\/strong><\/p>\n<p>f\u00fcr trocke und normale Haut<\/p>\n<ul>\n<li>die Sanfte Pflegeformel mit Aloe Vera erh\u00e4lt die nat\u00fcrliche Feuchtigkeitsbalance deiner Haut<\/li>\n<li>Ideal f\u00fcr die t\u00e4gliche Reinigung normaler und trockener Haut<\/li>\n<li>die Hautvertr\u00e4glichkeit wurde im dermatologischen Test gepr\u00fcft und best\u00e4tigt<\/li>\n<li>mit hautfreundlichem pH-Wert<\/li>\n<\/ul>\n<p><strong>Inhaltstoffe:<\/strong><br \/>\nAqua, Sodium Laureth Sulfate, Glycerin, Sodium Chloride, Cocamidopropyl Betaine, Glycereth-2 Cocoate, Urea, Coco- Glucoside, Glyreyl Oleate, Potassium Sorbate, Sodium Benzoate, Parfum, Glycol Disterate, Cocamide MEA, Aloe Barbadensis Leaf Juce, Tetrasodium Glutamate Diacetate, Citic Acid, Sodium Lactate, Hydrogenated Palm Glycedris Citrate, Tocopherol, Ascorbyl Palmitate, Lecithin.<\/p>\n<div class=\"expand-box-body\">\n<div class=\"expand-box-content clearfix\">\n<p>Dieses Produkt ist ein kosmetisches Mittel, das unter die Verordnung (EG) Nr. 1223\/2009<br \/>\n(in der aktuellen Fassung) \u00fcber kosmetische Mittel f\u00e4llt und dieser entspricht.<\/p>\n<\/div>\n<\/div>\n<p><strong>Inhalt: 1000 ml. Nachf\u00fcllbeutel<br \/>\n<\/strong><\/p>\n<p>Nachf\u00fcllpack: Nachf\u00fcllen statt wegwerfen,<span style=\"color: #ff0000;\"><br \/>\nbis zu 70% weniger Plastik\/Abfall im Vergleich zum 500 ml. Spender.<br \/>\n<\/span><\/p>\n","protected":false},"excerpt":{"rendered":"<p>Cremeseife Sensitive 1000 ml. Nachf\u00fcllpack<\/p>\n","protected":false},"featured_media":1265,"template":"","meta":[],"product_cat":[54],"product_tag":[],"class_list":{"0":"post-1264","1":"product","2":"type-product","3":"status-publish","4":"has-post-thumbnail","6":"product_cat-handreiniger","8":"first","9":"instock","10":"taxable","11":"shipping-taxable","12":"purchasable","13":"product-type-simple"},"_links":{"self":[{"href":"https:\/\/reinigungsbedarf-donath.de\/app\/index.php?rest_route=\/wp\/v2\/product\/1264"}],"collection":[{"href":"https:\/\/reinigungsbedarf-donath.de\/app\/index.php?rest_route=\/wp\/v2\/product"}],"about":[{"href":"https:\/\/reinigungsbedarf-donath.de\/app\/index.php?rest_route=\/wp\/v2\/types\/product"}],"wp:featuredmedia":[{"embeddable":true,"href":"https:\/\/reinigungsbedarf-donath.de\/app\/index.php?rest_route=\/wp\/v2\/media\/1265"}],"wp:attachment":[{"href":"https:\/\/reinigungsbedarf-donath.de\/app\/index.php?rest_route=%2Fwp%2Fv2%2Fmedia&parent=1264"}],"wp:term":[{"taxonomy":"product_cat","embeddable":true,"href":"https:\/\/reinigungsbedarf-donath.de\/app\/index.php?rest_route=%2Fwp%2Fv2%2Fproduct_cat&post=1264"},{"taxonomy":"product_tag","embeddable":true,"href":"https:\/\/reinigungsbedarf-donath.de\/app\/index.php?rest_route=%2Fwp%2Fv2%2Fproduct_tag&post=1264"}],"curies":[{"name":"wp","href":"https:\/\/api.w.org\/{rel}","templated":true}]}}