{"id":1266,"date":"2024-11-06T12:56:31","date_gmt":"2024-11-06T12:56:31","guid":{"rendered":"https:\/\/reinigungsbedarf-donath.de\/app\/?post_type=product&#038;p=1266"},"modified":"2024-12-08T11:52:09","modified_gmt":"2024-12-08T11:52:09","slug":"fala-fensterfix-glasreiniger-500-ml-flasche","status":"publish","type":"product","link":"https:\/\/reinigungsbedarf-donath.de\/app\/?product=fala-fensterfix-glasreiniger-500-ml-flasche","title":{"rendered":"FALA Fensterfix Glasreiniger &#8211; 500 ml &#8211; Flasche"},"content":{"rendered":"<p><strong><span style=\"font-size: 14pt;\">FALA Fensterfix Glasreiniger<\/span> <\/strong>&#8211; 500 ml &#8211; Flasche<br \/>\nKraftvoller und vielseitiger Glasreiniger.<br \/>\n<strong>Produkteigenschaften:<\/strong><br \/>\nFensterfix sorgt f\u00fcr streifenfreien Glanz auf allen Glasfl\u00e4chen (Fenstern, Spiegeln,<br \/>\nKacheln, Porzellan etc.) und anderen Oberfl\u00e4chen.<br \/>\nTypische Verschmutzungen, wie z. B. Fingerabdr\u00fccke, Fett- oder \u00d6lr\u00fcckst\u00e4nde, werden leicht und schonend entfernt.<br \/>\nFensterfix wirkt kraftvoll, schnell und trocknet streifenfrei auf.<br \/>\nTrotzdem besitzt es eine ausgezeichnete Materialvertr\u00e4glichkeit, da es pH-neutral,<br \/>\ngebrauchsfertig und ohne Duftstoffe ist.<br \/>\n<strong>Einsatzbereich:<\/strong><br \/>\nGeeignet zum Einsatz auf allen wasserbest\u00e4ndigen Oberfl\u00e4chen: Glas (Fenster, Spiegel,<br \/>\nGlasabtrennungen, Vitrinen etc.), Kunststoff (Fensterrahmen, T\u00fcren, Schr\u00e4nke etc.),<br \/>\nFliesen, Emaille, Porzellan, Kacheln. F\u00fcr den Innen- und Au\u00dfenbereich.<br \/>\n<strong>Anwendung:<\/strong><br \/>\nManuelle Verarbeitung: Fensterfix unverd\u00fcnnt auf Tuch oder direkt auf die zu reinigende Fl\u00e4che aufspr\u00fchen und mit einem sauberen Tuch nachreiben.<\/p>\n<p><strong>Gefahrenhinweise: <\/strong>keine<br \/>\n<strong>Sicherheitshinweise:<\/strong> keine<\/p>\n<p><strong>Inhaltsstoffe:<\/strong><br \/>\n&lt;5% anionische Tenside, Methylchloroisothiazolinone, Methylisothiazolinone<\/p>\n<p><strong>ph-Wert: 7,5<\/strong><\/p>\n","protected":false},"excerpt":{"rendered":"<p>FALA Fensterfix\u00a0 &#8211; 500 ml &#8211; Flasche<\/p>\n","protected":false},"featured_media":1267,"template":"","meta":[],"product_cat":[46],"product_tag":[],"class_list":{"0":"post-1266","1":"product","2":"type-product","3":"status-publish","4":"has-post-thumbnail","6":"product_cat-glasreiniger-glasreiniger","8":"first","9":"instock","10":"taxable","11":"shipping-taxable","12":"purchasable","13":"product-type-simple"},"_links":{"self":[{"href":"https:\/\/reinigungsbedarf-donath.de\/app\/index.php?rest_route=\/wp\/v2\/product\/1266"}],"collection":[{"href":"https:\/\/reinigungsbedarf-donath.de\/app\/index.php?rest_route=\/wp\/v2\/product"}],"about":[{"href":"https:\/\/reinigungsbedarf-donath.de\/app\/index.php?rest_route=\/wp\/v2\/types\/product"}],"wp:featuredmedia":[{"embeddable":true,"href":"https:\/\/reinigungsbedarf-donath.de\/app\/index.php?rest_route=\/wp\/v2\/media\/1267"}],"wp:attachment":[{"href":"https:\/\/reinigungsbedarf-donath.de\/app\/index.php?rest_route=%2Fwp%2Fv2%2Fmedia&parent=1266"}],"wp:term":[{"taxonomy":"product_cat","embeddable":true,"href":"https:\/\/reinigungsbedarf-donath.de\/app\/index.php?rest_route=%2Fwp%2Fv2%2Fproduct_cat&post=1266"},{"taxonomy":"product_tag","embeddable":true,"href":"https:\/\/reinigungsbedarf-donath.de\/app\/index.php?rest_route=%2Fwp%2Fv2%2Fproduct_tag&post=1266"}],"curies":[{"name":"wp","href":"https:\/\/api.w.org\/{rel}","templated":true}]}}