{"id":1275,"date":"2024-11-09T12:21:37","date_gmt":"2024-11-09T12:21:37","guid":{"rendered":"https:\/\/reinigungsbedarf-donath.de\/app\/?post_type=product&#038;p=1275"},"modified":"2024-11-09T12:27:57","modified_gmt":"2024-11-09T12:27:57","slug":"elsterglanz-crompflege-150-ml-tube","status":"publish","type":"product","link":"https:\/\/reinigungsbedarf-donath.de\/app\/?product=elsterglanz-crompflege-150-ml-tube","title":{"rendered":"Elsterglanz \u00ae Crompflege  150 ml. Tube"},"content":{"rendered":"<p><span style=\"color: #ff0000;\">Restbestand 7 Tuben<\/span><\/p>\n<p><span style=\"font-size: 14pt;\"><strong>Elsterglanz \u00ae Chrompflege<br \/>\n<\/strong><\/span>reinigt, poliert und konserviert zuverl\u00e4ssig Chromfl\u00e4chen. Die Chrompflege ist s\u00e4urefrei und \u00e4tzt nicht. Sie ist durch die Verwendung nat\u00fcrlicher Rohstoffe absolut materialschonend. Die speziellen Inhaltsstoffe haben einen reinigende Wirkung und sind fettl\u00f6send. Die Pflege hinterl\u00e4\u00dft einen sch\u00fctzenden Film, der das Wiederanlaufen und Verschmutzen f\u00fcr einen langen Zeitraum unterbindet. Die Elsterglanz Chrompflege ist besonders f\u00fcr die Pflege von hartverchromten Auto- und Motorradteilen vorgesehen.<\/p>\n<p><strong>Anwendung<\/strong><br \/>\nBei leichten Verschmutzungen wird etwas Chrompflege auf ein weiches und trockenes Tuch gegeben. Die Fl\u00e4che wird damit gereinigt und blank gerieben. Bei starken Verschmutzungen Chrompflege trocken auftragen, ca. 15 Minuten einwirken lassen. Danach mit einem trockenen weichen Tuch blank reiben.<br \/>\nElsterglanz Chrompflege Tipp<br \/>\nDie Chrompflege auf die verchromte Fl\u00e4che auftragen, verreiben und\u00a0dann mit Bohrmaschine und Polieraufsatz polieren. Das Ergebnis wird \u00fcberzeugen.<br \/>\nEs sieht fast wie nach einer professionellen Politur aus.<\/p>\n<p><strong>Besonderheiten <\/strong><br \/>\n\u2022 deutscher Hersteller<br \/>\n\u2022 reinigt, poliert, konserviert<br \/>\n\u2022 s\u00e4urefrei<br \/>\n\u2022 nicht \u00e4tzend und dadurch materialschonend<br \/>\n\u2022 fettl\u00f6send<br \/>\n\u2022 sch\u00fctzt vor Anlaufen und Wiederverschmutzen<\/p>\n<p><strong>Einsatz:<\/strong> Chromfl\u00e4chen (besonders f\u00fcr hartverchromte Auto- und Motorradteile)<\/p>\n<p><strong>Inhaltstoffe:<\/strong><br \/>\n&lt; 5 % anionische Tenside<br \/>\n&lt; 5 % aliphatische Kohlenwasserstoffe<br \/>\nKonservierungsmittel: Benzisothiazolinone, Methylisothiazolinone, Laurylamin Dipropylenediamin<br \/>\nDuftstoffe: Limonene<\/p>\n<p><strong>Gefahrenhinweis:<\/strong> &#8211; entf\u00e4llt<\/p>\n<p><strong>Sicherheitshinweise:<\/strong><br \/>\nP101 Ist \u00e4rztlicher Rat erforderlich, Verpackung oder Kennzeichnungsetikett bereithalten.<br \/>\nP102 Darf nicht in die H\u00e4nde von Kindern gelangen.<\/p>\n","protected":false},"excerpt":{"rendered":"<p>Elsterglanz Crompflege 150 ml. Tube<\/p>\n","protected":false},"featured_media":1274,"template":"","meta":[],"product_cat":[89],"product_tag":[],"class_list":{"0":"post-1275","1":"product","2":"type-product","3":"status-publish","4":"has-post-thumbnail","6":"product_cat-werkstatt-bedarf","8":"first","9":"instock","10":"taxable","11":"shipping-taxable","12":"purchasable","13":"product-type-simple"},"_links":{"self":[{"href":"https:\/\/reinigungsbedarf-donath.de\/app\/index.php?rest_route=\/wp\/v2\/product\/1275"}],"collection":[{"href":"https:\/\/reinigungsbedarf-donath.de\/app\/index.php?rest_route=\/wp\/v2\/product"}],"about":[{"href":"https:\/\/reinigungsbedarf-donath.de\/app\/index.php?rest_route=\/wp\/v2\/types\/product"}],"wp:featuredmedia":[{"embeddable":true,"href":"https:\/\/reinigungsbedarf-donath.de\/app\/index.php?rest_route=\/wp\/v2\/media\/1274"}],"wp:attachment":[{"href":"https:\/\/reinigungsbedarf-donath.de\/app\/index.php?rest_route=%2Fwp%2Fv2%2Fmedia&parent=1275"}],"wp:term":[{"taxonomy":"product_cat","embeddable":true,"href":"https:\/\/reinigungsbedarf-donath.de\/app\/index.php?rest_route=%2Fwp%2Fv2%2Fproduct_cat&post=1275"},{"taxonomy":"product_tag","embeddable":true,"href":"https:\/\/reinigungsbedarf-donath.de\/app\/index.php?rest_route=%2Fwp%2Fv2%2Fproduct_tag&post=1275"}],"curies":[{"name":"wp","href":"https:\/\/api.w.org\/{rel}","templated":true}]}}