{"id":129,"date":"2021-02-09T14:23:28","date_gmt":"2021-02-09T14:23:28","guid":{"rendered":"https:\/\/reinigungsbedarf-donath.de\/STRATO-apps\/wordpress_01\/app\/?post_type=product&#038;p=129"},"modified":"2021-02-09T14:23:28","modified_gmt":"2021-02-09T14:23:28","slug":"dosierkopf-fuer-1-ltr-flaschen","status":"publish","type":"product","link":"https:\/\/reinigungsbedarf-donath.de\/app\/?product=dosierkopf-fuer-1-ltr-flaschen","title":{"rendered":"Dosierkopf f\u00fcr 1 Ltr. Flaschen"},"content":{"rendered":"<p>Dosierkopf f\u00fcr 1 Ltr.-Flasche um Dosierungen von 5 bis 20 ml. sicher zu erm\u00f6glichen,<br \/>\ngeeignet um (1:400) f\u00fcr Duftreiniger Hochkonzentrat:<br \/>\n5 ml. f\u00fcr 2 Ltr. Wasser,<br \/>\n10 ml. f\u00fcr 4 Ltr. Wasser,<br \/>\n15 ml. f\u00fcr 6 Ltr. Wasser,<br \/>\n20 ml. f\u00fcr 8 Ltr. Wasser, herzustellen.<\/p>\n","protected":false},"excerpt":{"rendered":"<p>Dosierer 20 ml.<\/p>\n","protected":false},"featured_media":130,"template":"","meta":[],"product_cat":[52],"product_tag":[],"class_list":{"0":"post-129","1":"product","2":"type-product","3":"status-publish","4":"has-post-thumbnail","6":"product_cat-dosierhilfen","8":"first","9":"instock","10":"taxable","11":"shipping-taxable","12":"purchasable","13":"product-type-simple"},"_links":{"self":[{"href":"https:\/\/reinigungsbedarf-donath.de\/app\/index.php?rest_route=\/wp\/v2\/product\/129"}],"collection":[{"href":"https:\/\/reinigungsbedarf-donath.de\/app\/index.php?rest_route=\/wp\/v2\/product"}],"about":[{"href":"https:\/\/reinigungsbedarf-donath.de\/app\/index.php?rest_route=\/wp\/v2\/types\/product"}],"wp:featuredmedia":[{"embeddable":true,"href":"https:\/\/reinigungsbedarf-donath.de\/app\/index.php?rest_route=\/wp\/v2\/media\/130"}],"wp:attachment":[{"href":"https:\/\/reinigungsbedarf-donath.de\/app\/index.php?rest_route=%2Fwp%2Fv2%2Fmedia&parent=129"}],"wp:term":[{"taxonomy":"product_cat","embeddable":true,"href":"https:\/\/reinigungsbedarf-donath.de\/app\/index.php?rest_route=%2Fwp%2Fv2%2Fproduct_cat&post=129"},{"taxonomy":"product_tag","embeddable":true,"href":"https:\/\/reinigungsbedarf-donath.de\/app\/index.php?rest_route=%2Fwp%2Fv2%2Fproduct_tag&post=129"}],"curies":[{"name":"wp","href":"https:\/\/api.w.org\/{rel}","templated":true}]}}