{"id":1319,"date":"2025-02-18T15:59:26","date_gmt":"2025-02-18T15:59:26","guid":{"rendered":"https:\/\/reinigungsbedarf-donath.de\/app\/?post_type=product&#038;p=1319"},"modified":"2025-02-18T16:37:29","modified_gmt":"2025-02-18T16:37:29","slug":"hautschutz-mueckenspray-velind-200-ml-dose","status":"publish","type":"product","link":"https:\/\/reinigungsbedarf-donath.de\/app\/?product=hautschutz-mueckenspray-velind-200-ml-dose","title":{"rendered":"Hautschutz &#038; M\u00fcckenspray Velind 200 ml. Dose"},"content":{"rendered":"<p><span style=\"font-size: 14pt;\"><strong>Velind <\/strong><\/span><br \/>\n<span style=\"font-size: 14pt;\"><strong>Hautschutz &amp; M\u00fcckenschutz<\/strong><\/span><\/p>\n<p>&#8211; Wirkt effektiv gegen M\u00fccken und Zecken.<br \/>\n&#8211; Auch auf Kleidung anwendbar<br \/>\n\u00dcber mehrere Stunden wirksames Insektenabwehrmittel. Mit hautfreundlichen Inhaltsstoffen und Vitamin E zur Pflege Ihrer Haut.<\/p>\n<p><strong>Anwendung:<\/strong><\/p>\n<p>Auf blo\u00dfer Haut vollst\u00e4ndig deckend auftragen. Kontakt mit Augen, Schleimh\u00e4uten, empfindsamen oder erkrankten Hautstellen und Wunden vermeiden! Nicht direkt ins Gesicht spr\u00fchen, sondern mit der Hand auftragen. Nicht bei S\u00e4uglingen, bei sensiblen Menschen und w\u00e4hrend, Schwangerschaft und Artgesch\u00fctzte Insekte anwenden. Bei Kindern wiederholte und mehrt\u00e4gige Anwendung vermeiden. Nicht zur Verwendung bei Haustieren geeignet. Vor Anwendung auf Kleidung Vertr\u00e4glichkeit pr\u00fcfen.<\/p>\n<p><img loading=\"lazy\" decoding=\"async\" class=\"size-full wp-image-294\" src=\"https:\/\/reinigungsbedarf-donath.de\/app\/wp-content\/uploads\/2021\/02\/GHS02.jpg\" alt=\"Gefahr\" width=\"118\" height=\"117\" srcset=\"https:\/\/reinigungsbedarf-donath.de\/app\/wp-content\/uploads\/2021\/02\/GHS02.jpg 118w, https:\/\/reinigungsbedarf-donath.de\/app\/wp-content\/uploads\/2021\/02\/GHS02-100x100.jpg 100w\" sizes=\"(max-width: 118px) 100vw, 118px\" \/><\/p>\n<p><img loading=\"lazy\" decoding=\"async\" class=\"size-full wp-image-289\" src=\"https:\/\/reinigungsbedarf-donath.de\/app\/wp-content\/uploads\/2021\/02\/GHS07.jpg\" alt=\"Gefahr\" width=\"118\" height=\"117\" srcset=\"https:\/\/reinigungsbedarf-donath.de\/app\/wp-content\/uploads\/2021\/02\/GHS07.jpg 118w, https:\/\/reinigungsbedarf-donath.de\/app\/wp-content\/uploads\/2021\/02\/GHS07-100x100.jpg 100w\" sizes=\"(max-width: 118px) 100vw, 118px\" \/><\/p>\n<p><strong>Gefahr<\/strong><\/p>\n<p><strong>UFI:E37M-MQNF-P10A-4RRN<\/strong><\/p>\n<p><strong>Sicherheitshinweise:<\/strong><br \/>\nExtrem entz\u00fcndbares Aerosol. Beh\u00e4lter steht unter Druck. Kann bei Erw\u00e4rmung bersten.<\/p>\n<p>Verursacht Hautreizungen. Verursacht schwere Augenreizung.<br \/>\nIst \u00e4rztlicher Rat erforderlich, Verpackung oder Kennzeichnungsetikett bereithalten. Darf nicht in die H\u00e4nde von Kindern gelangen. Von Hitze, heissen Oberfl\u00e4chen, Funken, offenen Flammen und anderen Z\u00fcndquellen fernhalten. Nicht rauchen. Nicht gegen offene Flamme oder andere Z\u00fcndquelle spr\u00fchen. Nicht durchstechen oder verbrennen, auch nicht nach Gebrauch. Vor Sonnenbestrahlung sch\u00fctzen. Nicht Temperaturen \u00fcber 50\u00b0C\/ 122\u00b0F aussetzen.<\/p>\n<p><strong>Verwendungszweck<\/strong>: Repellent<\/p>\n","protected":false},"excerpt":{"rendered":"<p>Hautschutz &amp; M\u00fcckenschutz 200 ml. Dose<\/p>\n","protected":false},"featured_media":1320,"template":"","meta":[],"product_cat":[91,85],"product_tag":[],"class_list":{"0":"post-1319","1":"product","2":"type-product","3":"status-publish","4":"has-post-thumbnail","6":"product_cat-insektenschutz","7":"product_cat-saisonwaren","9":"first","10":"instock","11":"taxable","12":"shipping-taxable","13":"purchasable","14":"product-type-simple"},"_links":{"self":[{"href":"https:\/\/reinigungsbedarf-donath.de\/app\/index.php?rest_route=\/wp\/v2\/product\/1319"}],"collection":[{"href":"https:\/\/reinigungsbedarf-donath.de\/app\/index.php?rest_route=\/wp\/v2\/product"}],"about":[{"href":"https:\/\/reinigungsbedarf-donath.de\/app\/index.php?rest_route=\/wp\/v2\/types\/product"}],"wp:featuredmedia":[{"embeddable":true,"href":"https:\/\/reinigungsbedarf-donath.de\/app\/index.php?rest_route=\/wp\/v2\/media\/1320"}],"wp:attachment":[{"href":"https:\/\/reinigungsbedarf-donath.de\/app\/index.php?rest_route=%2Fwp%2Fv2%2Fmedia&parent=1319"}],"wp:term":[{"taxonomy":"product_cat","embeddable":true,"href":"https:\/\/reinigungsbedarf-donath.de\/app\/index.php?rest_route=%2Fwp%2Fv2%2Fproduct_cat&post=1319"},{"taxonomy":"product_tag","embeddable":true,"href":"https:\/\/reinigungsbedarf-donath.de\/app\/index.php?rest_route=%2Fwp%2Fv2%2Fproduct_tag&post=1319"}],"curies":[{"name":"wp","href":"https:\/\/api.w.org\/{rel}","templated":true}]}}