{"id":132,"date":"2021-02-09T14:33:47","date_gmt":"2021-02-09T14:33:47","guid":{"rendered":"https:\/\/reinigungsbedarf-donath.de\/STRATO-apps\/wordpress_01\/app\/?post_type=product&#038;p=132"},"modified":"2021-02-17T18:11:30","modified_gmt":"2021-02-17T18:11:30","slug":"wc-buerstengarnitur-kunststoff-weiss","status":"publish","type":"product","link":"https:\/\/reinigungsbedarf-donath.de\/app\/?product=wc-buerstengarnitur-kunststoff-weiss","title":{"rendered":"WC-B\u00fcrstengarnitur Kunststoff wei\u00df"},"content":{"rendered":"<p>Kunststoff wei\u00df, St\u00e4nder in Topfform<\/p>\n","protected":false},"excerpt":{"rendered":"<p>WC-B\u00fcrstengarnitur<\/p>\n","protected":false},"featured_media":134,"template":"","meta":[],"product_cat":[72,50,87,53],"product_tag":[],"class_list":{"0":"post-132","1":"product","2":"type-product","3":"status-publish","4":"has-post-thumbnail","6":"product_cat-buersten","7":"product_cat-eimer","8":"product_cat-wc-bedarf","9":"product_cat-wc-buersten","11":"first","12":"instock","13":"taxable","14":"shipping-taxable","15":"purchasable","16":"product-type-simple"},"_links":{"self":[{"href":"https:\/\/reinigungsbedarf-donath.de\/app\/index.php?rest_route=\/wp\/v2\/product\/132","targetHints":{"allow":["GET"]}}],"collection":[{"href":"https:\/\/reinigungsbedarf-donath.de\/app\/index.php?rest_route=\/wp\/v2\/product"}],"about":[{"href":"https:\/\/reinigungsbedarf-donath.de\/app\/index.php?rest_route=\/wp\/v2\/types\/product"}],"wp:featuredmedia":[{"embeddable":true,"href":"https:\/\/reinigungsbedarf-donath.de\/app\/index.php?rest_route=\/wp\/v2\/media\/134"}],"wp:attachment":[{"href":"https:\/\/reinigungsbedarf-donath.de\/app\/index.php?rest_route=%2Fwp%2Fv2%2Fmedia&parent=132"}],"wp:term":[{"taxonomy":"product_cat","embeddable":true,"href":"https:\/\/reinigungsbedarf-donath.de\/app\/index.php?rest_route=%2Fwp%2Fv2%2Fproduct_cat&post=132"},{"taxonomy":"product_tag","embeddable":true,"href":"https:\/\/reinigungsbedarf-donath.de\/app\/index.php?rest_route=%2Fwp%2Fv2%2Fproduct_tag&post=132"}],"curies":[{"name":"wp","href":"https:\/\/api.w.org\/{rel}","templated":true}]}}