{"id":1331,"date":"2025-03-14T10:24:15","date_gmt":"2025-03-14T10:24:15","guid":{"rendered":"https:\/\/reinigungsbedarf-donath.de\/app\/?post_type=product&#038;p=1331"},"modified":"2025-03-14T10:24:15","modified_gmt":"2025-03-14T10:24:15","slug":"variol-a-fett-und-oelloeser-1000-ml","status":"publish","type":"product","link":"https:\/\/reinigungsbedarf-donath.de\/app\/?product=variol-a-fett-und-oelloeser-1000-ml","title":{"rendered":"VARIOL\u00ae A Fett- und \u00d6ll\u00f6ser 1000 ml."},"content":{"rendered":"<p><strong>VARIOL\u00ae A<\/strong><br \/>\nFett- und \u00d6ll\u00f6ser f\u00fcr die Gastronomie und lebensmittelverarbeitende Betriebe &#8211;<br \/>\ngeeignet f\u00fcr den Einsatz in Hochdruckger\u00e4ten.<br \/>\n<strong>VARIOL\u00ae A<\/strong> zeichnet sich durch<br \/>\nstarkes Fett-, \u00d6l- und Ru\u00dfl\u00f6severm\u00f6gen aus. Manuell wie maschinell anwendbar. F\u00fcr<br \/>\ndie Reinigung von Boden-, Wand-, Decken- sowie Arbeitsfl\u00e4chen, Maschinen,<br \/>\nGer\u00e4ten (Grills, Konvektomaten, Herde, Kessel, Abzugshauben, Sp\u00fclbecken,<br \/>\nR\u00e4ucher\u00f6fen etc.) sowie aller alkalibest\u00e4ndigen Gegenst\u00e4nde und Fl\u00e4chen.<br \/>\n<strong>VARIOL\u00ae A<\/strong> ist f\u00fcr den Lebensmittelbereich gepr\u00fcft und biologisch abbaubar gem\u00e4\u00df EGVerordnung \u00fcber Detergenzien. Phosphatfrei. Enth\u00e4lt keine Nanopartikel.<\/p>\n<p>HACCP-Verkehrsf\u00e4higkeitsbescheinigung liegt vor.<\/p>\n<p><strong>Inhaltsstoffe:<\/strong> 5 &#8211; 15 % anionische und nichtionische Tenside<br \/>\nWeitere Inhaltsstoffe: Wasserl\u00f6sliche L\u00f6semittel<\/p>\n<p><strong>Anwendung:<\/strong> Je nach Verschmutzungsgrad 1: 100 bis unverd\u00fcnnt anwenden. Gegenst\u00e4nde mit direktem Kontakt zu Lebensmitteln nach der Reinigung gr\u00fcndlich mit klarem Wasser<br \/>\nnachsp\u00fclen.<\/p>\n<p><strong>VARIOL\u00ae A<\/strong> kann auch in Dosieranlagen und zur Reinigung mit der<br \/>\nSchaumkanone eingesetzt werden.<br \/>\nPhysikalische Angaben: pH-Wert im Konzentrat ca. 14<br \/>\npH-Wert in Anwendungskonzentration ca. 11<\/p>\n<p><span style=\"color: #339966;\">Verkauf nur an Gewerbetreibende. Bitte das Sicherheitsdatenblatt anfordern.<\/span><\/p>\n<p><strong>UFI: U2N7-WYV8-8384-SRU0<\/strong><\/p>\n<p><img loading=\"lazy\" decoding=\"async\" class=\"size-full wp-image-293\" src=\"https:\/\/reinigungsbedarf-donath.de\/app\/wp-content\/uploads\/2021\/02\/GH05A.jpg\" alt=\"Gefahr\" width=\"75\" height=\"75\" \/><\/p>\n<p><strong>Gefahr<\/strong><br \/>\nH290-Kann gegen\u00fcber Metallen korrosiv sein.<br \/>\nH314-Verursacht schwere Ver\u00e4tzungen der Haut und schwere Augensch\u00e4den.<br \/>\nP260 &#8211; Dampf oder Aerosol nicht einatmen.<br \/>\nP280 &#8211; Schutzhandschuhe\/Schutzkleidung und Gesichts-\/Augenschutz tragen.<br \/>\nP301+P330+P331 &#8211; BEI VERSCHLUCKEN: Mund aussp\u00fclen. KEIN Erbrechen herbeif\u00fchren.<br \/>\nP303+P361+P353 -BEI BER\u00dcHRUNG MIT DER HAUT (oder dem Haar): Alle kontaminierten<br \/>\nKleidungsst\u00fccke sofort ausziehen. Haut mit Wasser abwaschen oder duschen.<br \/>\nP305+P351+P338 BEI KONTAKT MIT DEN AUGEN: Einige Minuten lang behutsam mit Wasser sp\u00fclen.<br \/>\nEventuell vorhandene Kontaktlinsen nach M\u00f6glichkeiten entfernen. Weiter sp\u00fclen.<br \/>\nP310 &#8211; Sofort GIFTINFORMATIONSZENTRUM \/ Arzt anrufen.<br \/>\nP390 &#8211; Versch\u00fcttete Mengen aufnehmen, um Materialsch\u00e4den zu vermeiden.<\/p>\n<p><strong>Inhaltstoffe:<\/strong><br \/>\nAlkohole, C9-11-iso-, C10-reich, ethoxyliert<br \/>\nSulfons\u00e4uren, C14-17-sec-Alkan-, Natriumsalze<br \/>\nDinatriummetasilikat, pentahydrat<\/p>\n","protected":false},"excerpt":{"rendered":"<p>VARIOL\u00ae A Fett- und \u00d6ll\u00f6ser 1000 ml.<\/p>\n","protected":false},"featured_media":326,"template":"","meta":[],"product_cat":[33,57],"product_tag":[],"class_list":{"0":"post-1331","1":"product","2":"type-product","3":"status-publish","4":"has-post-thumbnail","6":"product_cat-grundreiniger","7":"product_cat-kuechenreiniger","9":"first","10":"instock","11":"taxable","12":"shipping-taxable","13":"purchasable","14":"product-type-simple"},"_links":{"self":[{"href":"https:\/\/reinigungsbedarf-donath.de\/app\/index.php?rest_route=\/wp\/v2\/product\/1331"}],"collection":[{"href":"https:\/\/reinigungsbedarf-donath.de\/app\/index.php?rest_route=\/wp\/v2\/product"}],"about":[{"href":"https:\/\/reinigungsbedarf-donath.de\/app\/index.php?rest_route=\/wp\/v2\/types\/product"}],"wp:featuredmedia":[{"embeddable":true,"href":"https:\/\/reinigungsbedarf-donath.de\/app\/index.php?rest_route=\/wp\/v2\/media\/326"}],"wp:attachment":[{"href":"https:\/\/reinigungsbedarf-donath.de\/app\/index.php?rest_route=%2Fwp%2Fv2%2Fmedia&parent=1331"}],"wp:term":[{"taxonomy":"product_cat","embeddable":true,"href":"https:\/\/reinigungsbedarf-donath.de\/app\/index.php?rest_route=%2Fwp%2Fv2%2Fproduct_cat&post=1331"},{"taxonomy":"product_tag","embeddable":true,"href":"https:\/\/reinigungsbedarf-donath.de\/app\/index.php?rest_route=%2Fwp%2Fv2%2Fproduct_tag&post=1331"}],"curies":[{"name":"wp","href":"https:\/\/api.w.org\/{rel}","templated":true}]}}