{"id":1359,"date":"2025-05-28T12:24:08","date_gmt":"2025-05-28T12:24:08","guid":{"rendered":"https:\/\/reinigungsbedarf-donath.de\/app\/?post_type=product&#038;p=1359"},"modified":"2025-06-01T09:30:11","modified_gmt":"2025-06-01T09:30:11","slug":"jacosat-grundreiniger-10-ltr-kannister","status":"publish","type":"product","link":"https:\/\/reinigungsbedarf-donath.de\/app\/?product=jacosat-grundreiniger-10-ltr-kannister","title":{"rendered":"Jacosat Grundreiniger 10 ltr. Kannister"},"content":{"rendered":"<p><strong>Jacosat Grundreiniger<\/strong><\/p>\n<p>Konzentrat geeignet f\u00fcr alle wasserbest\u00e4ndigen Bel\u00e4ge, zur schaumarmen Grundreinigung. Entfernt grobe Schmutzverkrustungen, Beschichtungen, Polymer- und Wachsreste. Ideal f\u00fcr die Anwendung im Reinigungsautomaten.<\/p>\n<p align=\"left\"><strong>Inhaltsstoffe:<\/strong><\/p>\n<p align=\"left\">unter 5% nichtionische Tenside, Alkali, Phosphat, Alkohole, Hilfsstoffe, Duftstoffe<\/p>\n<p align=\"left\"><strong>Anwendung manuell:<\/strong> 1-2 ltr. auf 10 ltr. &#8211; 10-20 min. einwirken lassen &#8211; maschinell bearbieiten &#8211;<br \/>\nFl\u00e4che mit Wasser nachsp\u00fclen.<\/p>\n<p align=\"left\"><strong>Anwendung maschinell:<\/strong> 100-300 ml. in 10 ltr. Wasser geben &#8211;<br \/>\nAnleitung des Maschinenherstellers beachten.<\/p>\n<p class=\"western\" align=\"left\"><strong>UFI: CM2K-KKGD-9006-0UF5<\/strong><\/p>\n<div id=\"attachment_293\" style=\"width: 85px\" class=\"wp-caption alignnone\"><img loading=\"lazy\" decoding=\"async\" aria-describedby=\"caption-attachment-293\" class=\"size-full wp-image-293\" src=\"https:\/\/reinigungsbedarf-donath.de\/app\/wp-content\/uploads\/2021\/02\/GH05A.jpg\" alt=\"Gefahr\" width=\"75\" height=\"75\" \/><p id=\"caption-attachment-293\" class=\"wp-caption-text\">Gefahr<\/p><\/div>\n<p><strong>Gefahrenhinweise<\/strong><br \/>\nH314 Verursacht schwere Ver\u00e4tzungen der Haut und schwere Augensch\u00e4den.<br \/>\nH290 Kann gegen\u00fcber Metallen korrosiv sein.<br \/>\n<strong>Sicherheitshinweise<\/strong><br \/>\nP261 Einatmen von Dampf \/ Aerosol vermeiden.<br \/>\nP280 Schutzhandschuhe \/ Schutzkleidung \/ Augenschutz \/ Gesichtsschutz tragen.<br \/>\nP305+P351+P338 BEI KONTAKT MIT DEN AUGEN: Einige Minuten lang behutsam mit<br \/>\nWasser sp\u00fclen. Vorhandene Kontaktlinsen nach M\u00f6glichkeit entfernen. Weiter sp\u00fclen.<br \/>\nP310 Sofort GIFTINFORMATIONSZENTRUM oder Arzt anrufen.<br \/>\n<strong>Gef\u00e4hrliche Bestandteile zur Kennzeichnung:<\/strong><br \/>\nenth\u00e4lt: Butoxyethanol, 2-Aminoethanol, Natriummetasilikat, Isotridecanolethoxylat<\/p>\n<p><strong>Verkauf nur an Gewerbestreibende, Sicherheitsdatenblatt anfordern.<\/strong><\/p>\n","protected":false},"excerpt":{"rendered":"<p>Jacosat Grundreiniger 10 ltr. Kannister<\/p>\n","protected":false},"featured_media":1362,"template":"","meta":[],"product_cat":[33,35],"product_tag":[],"class_list":{"0":"post-1359","1":"product","2":"type-product","3":"status-publish","4":"has-post-thumbnail","6":"product_cat-grundreiniger","7":"product_cat-spezielle-reiniger","9":"first","10":"instock","11":"taxable","12":"shipping-taxable","13":"purchasable","14":"product-type-simple"},"_links":{"self":[{"href":"https:\/\/reinigungsbedarf-donath.de\/app\/index.php?rest_route=\/wp\/v2\/product\/1359"}],"collection":[{"href":"https:\/\/reinigungsbedarf-donath.de\/app\/index.php?rest_route=\/wp\/v2\/product"}],"about":[{"href":"https:\/\/reinigungsbedarf-donath.de\/app\/index.php?rest_route=\/wp\/v2\/types\/product"}],"wp:featuredmedia":[{"embeddable":true,"href":"https:\/\/reinigungsbedarf-donath.de\/app\/index.php?rest_route=\/wp\/v2\/media\/1362"}],"wp:attachment":[{"href":"https:\/\/reinigungsbedarf-donath.de\/app\/index.php?rest_route=%2Fwp%2Fv2%2Fmedia&parent=1359"}],"wp:term":[{"taxonomy":"product_cat","embeddable":true,"href":"https:\/\/reinigungsbedarf-donath.de\/app\/index.php?rest_route=%2Fwp%2Fv2%2Fproduct_cat&post=1359"},{"taxonomy":"product_tag","embeddable":true,"href":"https:\/\/reinigungsbedarf-donath.de\/app\/index.php?rest_route=%2Fwp%2Fv2%2Fproduct_tag&post=1359"}],"curies":[{"name":"wp","href":"https:\/\/api.w.org\/{rel}","templated":true}]}}