{"id":144,"date":"2021-02-09T16:26:29","date_gmt":"2021-02-09T16:26:29","guid":{"rendered":"https:\/\/reinigungsbedarf-donath.de\/STRATO-apps\/wordpress_01\/app\/?post_type=product&#038;p=144"},"modified":"2024-10-29T10:01:13","modified_gmt":"2024-10-29T10:01:13","slug":"fluessige-seife-10-ltr-apfelduft","status":"publish","type":"product","link":"https:\/\/reinigungsbedarf-donath.de\/app\/?product=fluessige-seife-10-ltr-apfelduft","title":{"rendered":"Fl\u00fcssige Cremseife Lavylan 10 Ltr. Apfelduft"},"content":{"rendered":"<p>\u2022 dermatologisch getestet<br \/>\n\u2022 auch bei h\u00e4ufiger Anwendung hautschonend und vertr\u00e4glich<br \/>\n\u2022 mit speziellen r\u00fcckfettenden Wirkstoffen aus dem pflanzlichen Bereich<br \/>\n\u2022 f\u00fcr alle g\u00e4ngigen Druckspendersysteme geeignet<\/p>\n<p>Auf Basis milder, hautfreundlicher Substanzen hergestellte Waschlotion. Auch bei h\u00e4ufiger Anwendung sorgen die r\u00fcckfettenden Rohstoffe aus dem pflanzlichen Bereich f\u00fcr gr\u00f6\u00dftm\u00f6gliche Schonung und Pflege der strapazierten Haut. Die Cremeseife ist dermatologisch getestet.<\/p>\n<p><strong>Anwendung:<\/strong><br \/>\nDie Cremeseife wird in die zuvor angefeuchteten H\u00e4nde dosiert und verrieben. Mit klarem Wasser absp\u00fclen. Eine tropfengro\u00dfe Menge der Cremeseife ist f\u00fcr eine Anwendung ausreichend. Die Dosierung erfolgt mit handels\u00fcblichen Seifenspendern.<\/p>\n<p><strong>Inhaltsstoffangaben:<\/strong><br \/>\nIngredients: Aqua, Sodium Laureth Sulfate, Sodium Chloride, Glycol Distearate, Parfum, Coco-Glucoside, Glyceryl Oleate, Phenoxyethanol, Cocamidopropyl Betaine, Citric Acid, Sodium Benzoate, Cocamide MEA, Potassium Sorbate, Benzoic Acid, Tocopherol, Hydrogenated Palm Glycerides Citrate, CI 74260.<\/p>\n<p><strong>Technische Daten:<\/strong><br \/>\nFarbe: gr\u00fcn, Konsistenz: fl\u00fcssig Geruch: parf\u00fcmiert<br \/>\npH-Wert: 4,6-5,0<\/p>\n<p><strong>Gefahrenhinweise \/ Sicherheitshinweise:<\/strong><br \/>\nDas Produkt unterliegt der Kosmetikverordnung. Nicht kennzeichnungspflichtig. Von dem Produkt gehen bei bestimmungsgem\u00e4\u00dfer Verwendung als kosmetisches Mittel keine vorhersehbaren Gefahren aus.<\/p>\n<p><strong>Lagerhinweise:<\/strong><br \/>\nDas Produkt ist in originalverschlossenen Gebinden mindestens 30 Monate lagerf\u00e4hig. Die Haltbarkeit nach dem ersten \u00d6ffnen ist auf der Verpackung angegeben (Tiegelsymbol).<\/p>\n<p><strong>\u00d6kologie<\/strong><br \/>\nDas Produkt und die eingesetzten Waschrohstoffe (Tenside) erf\u00fcllen die Anforderungen des Gesetzgebers in Bezug auf die biologische Abbaubarkeit. Die Becker Chemie GmbH produziert nach fortschrittlichen, sicheren und umweltschonenden Verfahren unter Einhaltung hoher Qualit\u00e4tsstandards.<\/p>\n","protected":false},"excerpt":{"rendered":"<p>Fl\u00fcssige Cremseife Lavylan 10 Ltr. Apfelduft<\/p>\n","protected":false},"featured_media":340,"template":"","meta":[],"product_cat":[54],"product_tag":[],"class_list":{"0":"post-144","1":"product","2":"type-product","3":"status-publish","4":"has-post-thumbnail","6":"product_cat-handreiniger","8":"first","9":"instock","10":"taxable","11":"shipping-taxable","12":"purchasable","13":"product-type-simple"},"_links":{"self":[{"href":"https:\/\/reinigungsbedarf-donath.de\/app\/index.php?rest_route=\/wp\/v2\/product\/144"}],"collection":[{"href":"https:\/\/reinigungsbedarf-donath.de\/app\/index.php?rest_route=\/wp\/v2\/product"}],"about":[{"href":"https:\/\/reinigungsbedarf-donath.de\/app\/index.php?rest_route=\/wp\/v2\/types\/product"}],"wp:featuredmedia":[{"embeddable":true,"href":"https:\/\/reinigungsbedarf-donath.de\/app\/index.php?rest_route=\/wp\/v2\/media\/340"}],"wp:attachment":[{"href":"https:\/\/reinigungsbedarf-donath.de\/app\/index.php?rest_route=%2Fwp%2Fv2%2Fmedia&parent=144"}],"wp:term":[{"taxonomy":"product_cat","embeddable":true,"href":"https:\/\/reinigungsbedarf-donath.de\/app\/index.php?rest_route=%2Fwp%2Fv2%2Fproduct_cat&post=144"},{"taxonomy":"product_tag","embeddable":true,"href":"https:\/\/reinigungsbedarf-donath.de\/app\/index.php?rest_route=%2Fwp%2Fv2%2Fproduct_tag&post=144"}],"curies":[{"name":"wp","href":"https:\/\/api.w.org\/{rel}","templated":true}]}}