{"id":154,"date":"2021-02-09T19:27:51","date_gmt":"2021-02-09T19:27:51","guid":{"rendered":"https:\/\/reinigungsbedarf-donath.de\/STRATO-apps\/wordpress_01\/app\/?post_type=product&#038;p=154"},"modified":"2024-11-03T10:19:54","modified_gmt":"2024-11-03T10:19:54","slug":"abwaschbarer-hautschutz-pr88","status":"publish","type":"product","link":"https:\/\/reinigungsbedarf-donath.de\/app\/?product=abwaschbarer-hautschutz-pr88","title":{"rendered":"Abwaschbarer Hautschutz PR88, 1000 ml. Dose"},"content":{"rendered":"<ul>\n<li>\u00a0einfache Anwendung<\/li>\n<li>\u00a0kurze Trocknungszeit<\/li>\n<li>\u00a0klebt nicht<\/li>\n<li>\u00a0dein Werkzeug hast du fest im Griff<\/li>\n<li>\u00a0deine Fingerfertigkeit bleibt erhalten<\/li>\n<li>\u00a0sehr hohes Schutzpotential w\u00e4hrend der Arbeit<\/li>\n<li>\u00a0erleichtert die Hautreinigung<\/li>\n<li>\u00a0frei von Konservierungsstoffen und Silikon<\/li>\n<li>\u00a0sehr gute Hautvertr\u00e4glichkeit \u2013 dermatologisch best\u00e4tigt<\/li>\n<li>\u00a0sparsame Dosierung \u2013 eine haselnussgro\u00dfe Menge<\/li>\n<\/ul>\n<p>Fl\u00fcssiger Handschuh PR-88, Vorbehandlung der H\u00e4nde vor besonders fettigen Arbeiten z.B an Motoren und Getrieben. Vor der Arbeit die H\u00e4nde mit einer haselnu\u00dfgro\u00dfen Menge pr88 einreiben. Sobald der Schutzfilm trocken ist, kann mit der Arbeit begonnen werden.<br \/>\nNach der Arbeit die H\u00e4nde mit wenig Wasser waschen, danach Schmutz und pr88 gr\u00fcndlich absp\u00fclen. Sch\u00fctzt bei Arbeiten im fettigen Schmutzbereich und bei stark haftenden Arbeitsstoffen<br \/>\nz.B. \u00d6l, Fett, Ru\u00df, Teer, Lack, Harz, Kleber etc. pr 88 ist silikonfrei<br \/>\nund hinterl\u00e4\u00dft bei richtiger Dosierung keine Fingerabdr\u00fccke.<\/p>\n<p>Vor schmutzigen Arbeiten einfach die H\u00e4nde mit pr 88 eincremen. Dadurch ist die Haut schon nach ca. 1 Minute mit einem atmungsaktiven, unsichtbaren Schutzfilm \u00fcberzogen. Nach der Arbeit die H\u00e4nde einfach unter allm\u00e4hlicher Zugabe von Wasser waschen &#8211; der Schmutz wird zusammen mit pr 88 abgesp\u00fclt.<br \/>\npr 88 ist besonders dort gut geeignet, wo die H\u00e4nde vor starken bzw. stark haftenden Verschmutzungen gesch\u00fctzt werden m\u00fcssen, jedoch das Fingerspitzengef\u00fchl erhalten bleiben muss.<\/p>\n<p><strong>Gebrauchsanweisung:<\/strong><br \/>\n1. Einreiben:<br \/>\nVor der Arbeit die H\u00e4nde mit einer haselnu\u00dfgro\u00dfen Menge pr88 einreiben &#8211; besonders sorgf\u00e4ltig die Fingern\u00e4gel und Nagelbetten. Nur so viel pr88 nehmen, da\u00df der Schutzfilm nach einer Minute trocken ist.<br \/>\n2. Arbeiten:<br \/>\nSobald der Schutzfilm trocken ist, kann mit der Arbeit begonnen werden.<br \/>\n3. Abwaschen:<br \/>\nNach der Arbeit die H\u00e4nde mit wenig Wasser waschen, danach Schmutz und pr88 gr\u00fcndlich absp\u00fclen.<\/p>\n<p>pr88 stets gut verschlossen und k\u00fchl aufbewahren!<\/p>\n<p><strong>Sicherheit und Gesetze:<\/strong><br \/>\nrath\u2019s pr88 unterliegt als Hautmittel den rechtlichen Vorschriften der EG-Kosmetik-Verordnung (Verordnung (EG) Nr. 1223\/2009).<\/p>\n","protected":false},"excerpt":{"rendered":"<p>PR88, 1000 ml. Dose<\/p>\n","protected":false},"featured_media":150,"template":"","meta":[],"product_cat":[54,89],"product_tag":[],"class_list":{"0":"post-154","1":"product","2":"type-product","3":"status-publish","4":"has-post-thumbnail","6":"product_cat-handreiniger","7":"product_cat-werkstatt-bedarf","9":"first","10":"instock","11":"taxable","12":"shipping-taxable","13":"purchasable","14":"product-type-simple"},"_links":{"self":[{"href":"https:\/\/reinigungsbedarf-donath.de\/app\/index.php?rest_route=\/wp\/v2\/product\/154"}],"collection":[{"href":"https:\/\/reinigungsbedarf-donath.de\/app\/index.php?rest_route=\/wp\/v2\/product"}],"about":[{"href":"https:\/\/reinigungsbedarf-donath.de\/app\/index.php?rest_route=\/wp\/v2\/types\/product"}],"wp:featuredmedia":[{"embeddable":true,"href":"https:\/\/reinigungsbedarf-donath.de\/app\/index.php?rest_route=\/wp\/v2\/media\/150"}],"wp:attachment":[{"href":"https:\/\/reinigungsbedarf-donath.de\/app\/index.php?rest_route=%2Fwp%2Fv2%2Fmedia&parent=154"}],"wp:term":[{"taxonomy":"product_cat","embeddable":true,"href":"https:\/\/reinigungsbedarf-donath.de\/app\/index.php?rest_route=%2Fwp%2Fv2%2Fproduct_cat&post=154"},{"taxonomy":"product_tag","embeddable":true,"href":"https:\/\/reinigungsbedarf-donath.de\/app\/index.php?rest_route=%2Fwp%2Fv2%2Fproduct_tag&post=154"}],"curies":[{"name":"wp","href":"https:\/\/api.w.org\/{rel}","templated":true}]}}