{"id":155,"date":"2021-02-09T19:30:48","date_gmt":"2021-02-09T19:30:48","guid":{"rendered":"https:\/\/reinigungsbedarf-donath.de\/STRATO-apps\/wordpress_01\/app\/?post_type=product&#038;p=155"},"modified":"2024-11-03T10:12:19","modified_gmt":"2024-11-03T10:12:19","slug":"handwaschpaste-eilfix-10-kg-eimer","status":"publish","type":"product","link":"https:\/\/reinigungsbedarf-donath.de\/app\/?product=handwaschpaste-eilfix-10-kg-eimer","title":{"rendered":"Handwaschpaste Eilfix 10 kg. Eimer"},"content":{"rendered":"<p>hautschonend, f\u00fcr strapazierte Haut, reinigt bis in die Poren, Abfl\u00fcsse werden nicht verstopft,<\/p>\n<p>niedrige Alkalit\u00e4t, r\u00fcckfettende Hautkomponenten, dermatologisch getestet,<br \/>\nReibek\u00f6rper aus Holzmehl<\/p>\n<p><strong>Gebrauchsanweisung und Dosierung:<\/strong><\/p>\n<p>In die trockene oder leicht angefeuchtete Hand eine walnu\u00dfgro\u00dfe Menge<\/p>\n<p>Handwaschpaste sandfrei geben. Den gel\u00f6sten Schmutz unter flie\u00dfendem Wasser absp\u00fclen.<\/p>\n<p><strong>Gefahren-\/ Sicherheitshinweise:<\/strong> entf\u00e4llt (Chemische Charakterisierung -Kosmetika)<\/p>\n<p><strong>Inhaltsstoffe:<\/strong><br \/>\nAqua, Lignum Powder, Sodium C14-17 Alkyl Sec Sulfonate, Sodium C12-18 Alkyl Sulfate, Sodium<br \/>\nSulfate, Sodium Chloride, Glycerin, Cellulose Gum, Tetrapotassium Pyrophosphate, Trideceth-3,<br \/>\nPara num Liquidum, Sodium Glycolate, Coco-Glucoside, Glyceryl Oleate, Titanium Dioxide, Citric<br \/>\nAcid, Parfum, Methylchloroisothiazolinone, Methylisothiazolinone, Benzoic Acid,<br \/>\nTocopherol, Hydrogenated Palm Glycerides Citrate.<\/p>\n","protected":false},"excerpt":{"rendered":"<p>eXtra-Clean 10 kg.<\/p>\n","protected":false},"featured_media":139,"template":"","meta":[],"product_cat":[54,89],"product_tag":[],"class_list":{"0":"post-155","1":"product","2":"type-product","3":"status-publish","4":"has-post-thumbnail","6":"product_cat-handreiniger","7":"product_cat-werkstatt-bedarf","9":"first","10":"instock","11":"taxable","12":"shipping-taxable","13":"purchasable","14":"product-type-simple"},"_links":{"self":[{"href":"https:\/\/reinigungsbedarf-donath.de\/app\/index.php?rest_route=\/wp\/v2\/product\/155"}],"collection":[{"href":"https:\/\/reinigungsbedarf-donath.de\/app\/index.php?rest_route=\/wp\/v2\/product"}],"about":[{"href":"https:\/\/reinigungsbedarf-donath.de\/app\/index.php?rest_route=\/wp\/v2\/types\/product"}],"wp:featuredmedia":[{"embeddable":true,"href":"https:\/\/reinigungsbedarf-donath.de\/app\/index.php?rest_route=\/wp\/v2\/media\/139"}],"wp:attachment":[{"href":"https:\/\/reinigungsbedarf-donath.de\/app\/index.php?rest_route=%2Fwp%2Fv2%2Fmedia&parent=155"}],"wp:term":[{"taxonomy":"product_cat","embeddable":true,"href":"https:\/\/reinigungsbedarf-donath.de\/app\/index.php?rest_route=%2Fwp%2Fv2%2Fproduct_cat&post=155"},{"taxonomy":"product_tag","embeddable":true,"href":"https:\/\/reinigungsbedarf-donath.de\/app\/index.php?rest_route=%2Fwp%2Fv2%2Fproduct_tag&post=155"}],"curies":[{"name":"wp","href":"https:\/\/api.w.org\/{rel}","templated":true}]}}