{"id":283,"date":"2021-02-10T19:24:41","date_gmt":"2021-02-10T19:24:41","guid":{"rendered":"https:\/\/reinigungsbedarf-donath.de\/STRATO-apps\/wordpress_01\/app\/?post_type=product&#038;p=283"},"modified":"2025-01-18T14:04:11","modified_gmt":"2025-01-18T14:04:11","slug":"klarspueler-1-ltr","status":"publish","type":"product","link":"https:\/\/reinigungsbedarf-donath.de\/app\/?product=klarspueler-1-ltr","title":{"rendered":"Klarsp\u00fcler K-CLASSIC &#8211; 1 Ltr."},"content":{"rendered":"<p>Sorgt f\u00fcr fleckenfreien Glanz<\/p>\n<p>ohne Nachpolieren, Kalkablagerungen und Wasserflecken werden vermieden. .<\/p>\n<p><strong>Anwendungshinweise<\/strong><\/p>\n<p>&#8211; Dosierverschluss zum \u00d6ffnen hochziehen.<\/p>\n<p>&#8211; F\u00fcllen Sie den Klarsp\u00fcler in den Vorratsbeh\u00e4lter der Sp\u00fclmaschine. Bitte beachten Sie die Angaben<\/p>\n<p>des Sp\u00fclmaschinenherstellers zur Einstellung der Klarsp\u00fcldosierung der Sp\u00fclmaschine.<\/p>\n<p>&#8211; Die Sp\u00fclmaschine dosiert w\u00e4hrend des Sp\u00fclgangs automatisch.<\/p>\n<p>&#8211; nach Gebrauch die Flasche wieder verschlie\u00dfen.<\/p>\n<p><strong>Gefahrhinweis:<\/strong><\/p>\n<p><img loading=\"lazy\" decoding=\"async\" class=\"size-full wp-image-289\" src=\"https:\/\/reinigungsbedarf-donath.de\/app\/wp-content\/uploads\/2021\/02\/GHS07.jpg\" alt=\"Gefahr\" width=\"118\" height=\"117\" srcset=\"https:\/\/reinigungsbedarf-donath.de\/app\/wp-content\/uploads\/2021\/02\/GHS07.jpg 118w, https:\/\/reinigungsbedarf-donath.de\/app\/wp-content\/uploads\/2021\/02\/GHS07-100x100.jpg 100w\" sizes=\"(max-width: 118px) 100vw, 118px\" \/><\/p>\n<p><strong>Achtung<\/strong><\/p>\n<p><strong>UFI: DC50-P782-SNOW-5ARQ<\/strong><\/p>\n<p><strong>Gefahrenhinweise:<\/strong><br \/>\nH319 Verursacht schwere Augenreizung. lst \u00e4rztlicher Rat erforderlich, Verpackung oder<br \/>\nKennzeichnungsetikett bereithalten. Darf nicht in die H\u00e4nde von Kindern gelangen.<\/p>\n<p>Vor Gebrauch Kennzeichnungsetikett lesen. Nach Gebrauch H\u00e4nde gr\u00fcndlich waschen.<\/p>\n<p>BEI KONTAKT MIT DEN AUGEN. Einige Minuten lang behutsam mit Wasser sp\u00fclen. Vorhandene Kontaktlinsen nach M\u00f6glichkeit entfernen. Weiter sp\u00fclen. Bei anhaltender Augenreizung: \u00c4rztlichen Rat einholen\/ \u00e4rztliche Hilfe hinzuziehen.<\/p>\n<p><span style=\"font-size: 14px; text-align: center;\"><img loading=\"lazy\" decoding=\"async\" class=\"alignnone size-medium wp-image-1199\" src=\"https:\/\/reinigungsbedarf-donath.de\/app\/wp-content\/uploads\/2021\/02\/Warnung4-300x102.jpg\" alt=\"Warnhinweise\" width=\"300\" height=\"102\" srcset=\"https:\/\/reinigungsbedarf-donath.de\/app\/wp-content\/uploads\/2021\/02\/Warnung4-300x102.jpg 300w, https:\/\/reinigungsbedarf-donath.de\/app\/wp-content\/uploads\/2021\/02\/Warnung4-250x85.jpg 250w, https:\/\/reinigungsbedarf-donath.de\/app\/wp-content\/uploads\/2021\/02\/Warnung4.jpg 500w\" sizes=\"(max-width: 300px) 100vw, 300px\" \/><br \/>\n<span style=\"font-size: 12pt;\"><strong>Inhaltstoffe:<\/strong><\/span><\/span><\/p>\n<p>5-15% nichtionische Tenside, Weiterhin: Bitrex\u00ae<br \/>\nDas Produkt enth\u00e4lt Zitronens\u00e4ure<\/p>\n","protected":false},"excerpt":{"rendered":"<p>Klarsp\u00fcler K-CLASSIC 1 ltr.<\/p>\n","protected":false},"featured_media":272,"template":"","meta":[],"product_cat":[57],"product_tag":[],"class_list":{"0":"post-283","1":"product","2":"type-product","3":"status-publish","4":"has-post-thumbnail","6":"product_cat-kuechenreiniger","8":"first","9":"instock","10":"taxable","11":"shipping-taxable","12":"purchasable","13":"product-type-simple"},"_links":{"self":[{"href":"https:\/\/reinigungsbedarf-donath.de\/app\/index.php?rest_route=\/wp\/v2\/product\/283"}],"collection":[{"href":"https:\/\/reinigungsbedarf-donath.de\/app\/index.php?rest_route=\/wp\/v2\/product"}],"about":[{"href":"https:\/\/reinigungsbedarf-donath.de\/app\/index.php?rest_route=\/wp\/v2\/types\/product"}],"wp:featuredmedia":[{"embeddable":true,"href":"https:\/\/reinigungsbedarf-donath.de\/app\/index.php?rest_route=\/wp\/v2\/media\/272"}],"wp:attachment":[{"href":"https:\/\/reinigungsbedarf-donath.de\/app\/index.php?rest_route=%2Fwp%2Fv2%2Fmedia&parent=283"}],"wp:term":[{"taxonomy":"product_cat","embeddable":true,"href":"https:\/\/reinigungsbedarf-donath.de\/app\/index.php?rest_route=%2Fwp%2Fv2%2Fproduct_cat&post=283"},{"taxonomy":"product_tag","embeddable":true,"href":"https:\/\/reinigungsbedarf-donath.de\/app\/index.php?rest_route=%2Fwp%2Fv2%2Fproduct_tag&post=283"}],"curies":[{"name":"wp","href":"https:\/\/api.w.org\/{rel}","templated":true}]}}