{"id":284,"date":"2021-02-10T19:48:51","date_gmt":"2021-02-10T19:48:51","guid":{"rendered":"https:\/\/reinigungsbedarf-donath.de\/STRATO-apps\/wordpress_01\/app\/?post_type=product&#038;p=284"},"modified":"2025-01-14T14:26:00","modified_gmt":"2025-01-14T14:26:00","slug":"geschirrreiniger-tabs-30-stueck-im-karton","status":"publish","type":"product","link":"https:\/\/reinigungsbedarf-donath.de\/app\/?product=geschirrreiniger-tabs-30-stueck-im-karton","title":{"rendered":"Geschirreiniger Tabs 60 St\u00fcck mit aktiv Sauerstoff"},"content":{"rendered":"<p>Reinigung &#8211; Glanz &#8211; Nicht geeignet f\u00fcr Silber, da ohne Gew\u00e4sserbelastendes Silberschutzmittel<\/p>\n<p><strong>Anwendungshinweise:<\/strong><\/p>\n<p>F\u00fcr alle Haushaltsgeschirsp\u00fclmaschinen geeignet.<\/p>\n<ul style=\"list-style-type: circle;\">\n<li>Hinweise des Sp\u00fclmaschinenherstellers beachten.<\/li>\n<li>(Nach den entfernen der Schutzfolie) Legen sie 1 Tab direkt in die Dosierkammer Ihrer Sp\u00fclmschine und verschlie\u00dfen Sie diese. Den Tab nicht in den Besteckk\u00f6rb und nicht in den Vorratzbeh\u00e4lter f\u00fcr das Spezialsalz geben.<\/li>\n<li>Starten sie das Sp\u00fclprogramm Ihrer Sp\u00fclmaschine wie gewohnt.<\/li>\n<\/ul>\n<p>Bei starker Verschutzug, Sp\u00fclprogramm bei 65 \u00b0C w\u00e4hlen.<\/p>\n<ul style=\"list-style-type: circle;\">\n<li><strong>Nicht f\u00fcr Kurzprogramme geeignet.<\/strong><\/li>\n<li><strong>Nicht f\u00fcr die Reinigung von Silberbesteck geeignet.<\/strong><\/li>\n<li>Silberbesteck, Handbemaltes Geschirr, Kritallgl\u00e4ser, Besteck mit Holzgriffen, Holzbrettchen sowie Aluminiumgeschirr bitte von Hand sp\u00fclen.<\/li>\n<\/ul>\n<p>Funktionen:<br \/>\n1. etfernt hartn\u00e4ckige Verschmutzungen und Bel\u00e4geschnell und kraftvoll.<br \/>\n2. Sch\u00fctzt Gl\u00e4ser und Dekor. Vermindert dauerhaft Glassch\u00e4digungen (Glaskorrisionen)<\/p>\n<div id=\"attachment_289\" style=\"width: 153px\" class=\"wp-caption alignleft\"><img loading=\"lazy\" decoding=\"async\" aria-describedby=\"caption-attachment-289\" class=\" wp-image-289\" src=\"https:\/\/reinigungsbedarf-donath.de\/app\/wp-content\/uploads\/2021\/02\/GHS07.jpg\" alt=\"Gefahr\" width=\"143\" height=\"142\" srcset=\"https:\/\/reinigungsbedarf-donath.de\/app\/wp-content\/uploads\/2021\/02\/GHS07.jpg 118w, https:\/\/reinigungsbedarf-donath.de\/app\/wp-content\/uploads\/2021\/02\/GHS07-100x100.jpg 100w\" sizes=\"(max-width: 143px) 100vw, 143px\" \/><p id=\"caption-attachment-289\" class=\"wp-caption-text\">Achtung<\/p><\/div>\n<p><strong>Achtung:<\/strong> <span style=\"color: #000000;\">Verursacht schwere Augenreizung. Verpackung oder Kennzeichnungsetikett bereithalten. Darf nicht in die H\u00e4nde von Kindern gelangen. Nach Gebrauch gr\u00fcndlich die H\u00e4nde waschen. Bei Kontakt mit den Augen: Einige Minuten lang behutsam mit Wasser sp\u00fclen. Eventuell vorhandene Kontaktlinsen nach M\u00f6glichkeit entfernen. Weiter mit Wasser sp\u00fclen. Bein anhaltener Augenreizung \u00c4rztlichen Rat einholen\/\u00e4rtzliche Hilfe hinzuziehen.<br \/>\nEnth\u00e4lt SUBTILISIN. Kann allergische Reaktionen hervorrufen.<\/span><br \/>\nDieses Produkt darf nur in Sp\u00fclmaschinen verwendet werden.<\/p>\n<p>(K-Classic)<br \/>\n<strong>Inhalt:<\/strong> 60 x 15 gr.Tabs<\/p>\n<p><strong>Inhaltsstoffe:<\/strong><br \/>\n5-15% Bleichmittel auf Sauerstoffbasis,<br \/>\n&lt; 5% nichtionische Tenside, Polycarboxylate, Phosphonate <strong>Weitere Inhaltsstoffe:<\/strong>\u00a0 Enzyme, Duftstoffe<\/p>\n<p><strong>UFI: JUNS-569C-XN05-NXHM<\/strong><\/p>\n","protected":false},"excerpt":{"rendered":"<p>Geschirreiniger Tabs 60 St\u00fcck<\/p>\n","protected":false},"featured_media":1172,"template":"","meta":[],"product_cat":[57],"product_tag":[],"class_list":{"0":"post-284","1":"product","2":"type-product","3":"status-publish","4":"has-post-thumbnail","6":"product_cat-kuechenreiniger","8":"first","9":"instock","10":"taxable","11":"shipping-taxable","12":"purchasable","13":"product-type-simple"},"_links":{"self":[{"href":"https:\/\/reinigungsbedarf-donath.de\/app\/index.php?rest_route=\/wp\/v2\/product\/284"}],"collection":[{"href":"https:\/\/reinigungsbedarf-donath.de\/app\/index.php?rest_route=\/wp\/v2\/product"}],"about":[{"href":"https:\/\/reinigungsbedarf-donath.de\/app\/index.php?rest_route=\/wp\/v2\/types\/product"}],"wp:featuredmedia":[{"embeddable":true,"href":"https:\/\/reinigungsbedarf-donath.de\/app\/index.php?rest_route=\/wp\/v2\/media\/1172"}],"wp:attachment":[{"href":"https:\/\/reinigungsbedarf-donath.de\/app\/index.php?rest_route=%2Fwp%2Fv2%2Fmedia&parent=284"}],"wp:term":[{"taxonomy":"product_cat","embeddable":true,"href":"https:\/\/reinigungsbedarf-donath.de\/app\/index.php?rest_route=%2Fwp%2Fv2%2Fproduct_cat&post=284"},{"taxonomy":"product_tag","embeddable":true,"href":"https:\/\/reinigungsbedarf-donath.de\/app\/index.php?rest_route=%2Fwp%2Fv2%2Fproduct_tag&post=284"}],"curies":[{"name":"wp","href":"https:\/\/api.w.org\/{rel}","templated":true}]}}