{"id":286,"date":"2021-02-11T10:02:28","date_gmt":"2021-02-11T10:02:28","guid":{"rendered":"https:\/\/reinigungsbedarf-donath.de\/STRATO-apps\/wordpress_01\/app\/?post_type=product&#038;p=286"},"modified":"2025-02-20T08:17:15","modified_gmt":"2025-02-20T08:17:15","slug":"regeneriersalz-2-kg-grobkoernig","status":"publish","type":"product","link":"https:\/\/reinigungsbedarf-donath.de\/app\/?product=regeneriersalz-2-kg-grobkoernig","title":{"rendered":"Regeneriersalz 2 kg. grobk\u00f6rnig"},"content":{"rendered":"<p>Salz f\u00fcr zur Wasserenth\u00e4rtungsanlage Ihrer Geschirrsp\u00fclmaschine.<br \/>\ngrobk\u00f6rnig f\u00fcr optimale L\u00f6slichkeit<br \/>\nHochrein, r\u00fcckstandsfrei l\u00f6slich,<br \/>\nsch\u00fctzt Geschirr und Maschine vor Kalkablagerungen,<br \/>\nsorgt f\u00fcr optimale Wirksamkeit Ihres Geschirrreinigers,<br \/>\nf\u00fcr alle Reinigungssysteme.<\/p>\n","protected":false},"excerpt":{"rendered":"<p>Regeneriersalz 2 kg<\/p>\n","protected":false},"featured_media":1323,"template":"","meta":[],"product_cat":[57],"product_tag":[],"class_list":{"0":"post-286","1":"product","2":"type-product","3":"status-publish","4":"has-post-thumbnail","6":"product_cat-kuechenreiniger","8":"first","9":"instock","10":"taxable","11":"shipping-taxable","12":"purchasable","13":"product-type-simple"},"_links":{"self":[{"href":"https:\/\/reinigungsbedarf-donath.de\/app\/index.php?rest_route=\/wp\/v2\/product\/286"}],"collection":[{"href":"https:\/\/reinigungsbedarf-donath.de\/app\/index.php?rest_route=\/wp\/v2\/product"}],"about":[{"href":"https:\/\/reinigungsbedarf-donath.de\/app\/index.php?rest_route=\/wp\/v2\/types\/product"}],"wp:featuredmedia":[{"embeddable":true,"href":"https:\/\/reinigungsbedarf-donath.de\/app\/index.php?rest_route=\/wp\/v2\/media\/1323"}],"wp:attachment":[{"href":"https:\/\/reinigungsbedarf-donath.de\/app\/index.php?rest_route=%2Fwp%2Fv2%2Fmedia&parent=286"}],"wp:term":[{"taxonomy":"product_cat","embeddable":true,"href":"https:\/\/reinigungsbedarf-donath.de\/app\/index.php?rest_route=%2Fwp%2Fv2%2Fproduct_cat&post=286"},{"taxonomy":"product_tag","embeddable":true,"href":"https:\/\/reinigungsbedarf-donath.de\/app\/index.php?rest_route=%2Fwp%2Fv2%2Fproduct_tag&post=286"}],"curies":[{"name":"wp","href":"https:\/\/api.w.org\/{rel}","templated":true}]}}