{"id":321,"date":"2021-02-11T16:55:58","date_gmt":"2021-02-11T16:55:58","guid":{"rendered":"https:\/\/reinigungsbedarf-donath.de\/STRATO-apps\/wordpress_01\/app\/?post_type=product&#038;p=321"},"modified":"2022-11-15T14:56:27","modified_gmt":"2022-11-15T14:56:27","slug":"papierhandtuecher-1-lagig-gruen-25x-23-cm","status":"publish","type":"product","link":"https:\/\/reinigungsbedarf-donath.de\/app\/?product=papierhandtuecher-1-lagig-gruen-25x-23-cm","title":{"rendered":"Papierhandt\u00fccher 1 lagig, gr\u00fcn 25x 23 cm"},"content":{"rendered":"<p>Papierhandt\u00fccher 25x23cm, gr\u00fcn, VERDE<\/p>\n<p>Zick-Zack Falz, (20&#215;250) a 5000 Blatt<\/p>\n","protected":false},"excerpt":{"rendered":"<p>Papierhandt\u00fccher gr\u00fcn 25 x23 cm<\/p>\n","protected":false},"featured_media":309,"template":"","meta":[],"product_cat":[60],"product_tag":[],"class_list":{"0":"post-321","1":"product","2":"type-product","3":"status-publish","4":"has-post-thumbnail","6":"product_cat-papierhandtuecher","8":"first","9":"instock","10":"taxable","11":"shipping-taxable","12":"purchasable","13":"product-type-simple"},"_links":{"self":[{"href":"https:\/\/reinigungsbedarf-donath.de\/app\/index.php?rest_route=\/wp\/v2\/product\/321"}],"collection":[{"href":"https:\/\/reinigungsbedarf-donath.de\/app\/index.php?rest_route=\/wp\/v2\/product"}],"about":[{"href":"https:\/\/reinigungsbedarf-donath.de\/app\/index.php?rest_route=\/wp\/v2\/types\/product"}],"wp:featuredmedia":[{"embeddable":true,"href":"https:\/\/reinigungsbedarf-donath.de\/app\/index.php?rest_route=\/wp\/v2\/media\/309"}],"wp:attachment":[{"href":"https:\/\/reinigungsbedarf-donath.de\/app\/index.php?rest_route=%2Fwp%2Fv2%2Fmedia&parent=321"}],"wp:term":[{"taxonomy":"product_cat","embeddable":true,"href":"https:\/\/reinigungsbedarf-donath.de\/app\/index.php?rest_route=%2Fwp%2Fv2%2Fproduct_cat&post=321"},{"taxonomy":"product_tag","embeddable":true,"href":"https:\/\/reinigungsbedarf-donath.de\/app\/index.php?rest_route=%2Fwp%2Fv2%2Fproduct_tag&post=321"}],"curies":[{"name":"wp","href":"https:\/\/api.w.org\/{rel}","templated":true}]}}