{"id":332,"date":"2021-02-11T18:59:51","date_gmt":"2021-02-11T18:59:51","guid":{"rendered":"https:\/\/reinigungsbedarf-donath.de\/STRATO-apps\/wordpress_01\/app\/?post_type=product&#038;p=332"},"modified":"2024-10-25T07:36:33","modified_gmt":"2024-10-25T07:36:33","slug":"allesreiniger-protect-line-1-ltr","status":"publish","type":"product","link":"https:\/\/reinigungsbedarf-donath.de\/app\/?product=allesreiniger-protect-line-1-ltr","title":{"rendered":"Allesreiniger Protect Line &#8211; 1 Ltr."},"content":{"rendered":"<p>Der Allzweckreiniger mit Frischeduft und Ammoniak.<\/p>\n<p>Reinigt schnell und gr\u00fcndlich alle abwaschbaren Oberfl\u00e4chen und wasserfesten Bodenbel\u00e4ge. Der kraftvolle Reiniger entfernt zuverl\u00e4ssig auch hartn\u00e4ckige Verschmutzungen wie Fett und Eiwei\u00df. Zur Entfernung starker Verschmutzungen Reiniger ggf. h\u00f6her konzentriert einsetzen und mit klarem Wasser nachsp\u00fclen.<\/p>\n<p><strong>Dosierung:<\/strong><br \/>\n40 ml auf 8 Liter Wasser (Verd\u00fcnnung 1:200).<br \/>\nBei starken Verschmutzungen Reiniger h\u00f6her konzentriert einsetzen (1: 10 bis unverd\u00fcnnt)<br \/>\n<strong>Inhaltsstoffe:<\/strong><br \/>\n&lt; 5% anionische Tenside,<br \/>\n&lt; 5% nichtionische Tensiede,<br \/>\nAkohol, Alkalien und Farbstoffe<\/p>\n<p><strong>Enth\u00e4lt:<\/strong><br \/>\nBenzolsulfons\u00e4ure, mono-C10-16-alkyl deriv., Natriumsalze<\/p>\n<p><strong>pH-Wert:<\/strong> 9,5-10,0 bei 20\u00b0C (10g\/l Wasser), 11 (konz.)<\/p>\n<p><strong>Gefahrenhinweise:<\/strong><\/p>\n<p>H315 Verursacht Hautreizungen.<br \/>\nH318 Verursacht schwere Augensch\u00e4den.<br \/>\nH412 Sch\u00e4dlich f\u00fcr Wasserorganismen, mit langfristiger Wirkung.<\/p>\n<p><strong>\u00a0Bitte das Sicherheitsdatenblatt anfordern.<\/strong><\/p>\n","protected":false},"excerpt":{"rendered":"<p>Allzweckreiniger 1 Ltr.<\/p>\n","protected":false},"featured_media":99,"template":"","meta":[],"product_cat":[34],"product_tag":[],"class_list":{"0":"post-332","1":"product","2":"type-product","3":"status-publish","4":"has-post-thumbnail","6":"product_cat-unterhalt","8":"first","9":"instock","10":"taxable","11":"shipping-taxable","12":"purchasable","13":"product-type-simple"},"_links":{"self":[{"href":"https:\/\/reinigungsbedarf-donath.de\/app\/index.php?rest_route=\/wp\/v2\/product\/332"}],"collection":[{"href":"https:\/\/reinigungsbedarf-donath.de\/app\/index.php?rest_route=\/wp\/v2\/product"}],"about":[{"href":"https:\/\/reinigungsbedarf-donath.de\/app\/index.php?rest_route=\/wp\/v2\/types\/product"}],"wp:featuredmedia":[{"embeddable":true,"href":"https:\/\/reinigungsbedarf-donath.de\/app\/index.php?rest_route=\/wp\/v2\/media\/99"}],"wp:attachment":[{"href":"https:\/\/reinigungsbedarf-donath.de\/app\/index.php?rest_route=%2Fwp%2Fv2%2Fmedia&parent=332"}],"wp:term":[{"taxonomy":"product_cat","embeddable":true,"href":"https:\/\/reinigungsbedarf-donath.de\/app\/index.php?rest_route=%2Fwp%2Fv2%2Fproduct_cat&post=332"},{"taxonomy":"product_tag","embeddable":true,"href":"https:\/\/reinigungsbedarf-donath.de\/app\/index.php?rest_route=%2Fwp%2Fv2%2Fproduct_tag&post=332"}],"curies":[{"name":"wp","href":"https:\/\/api.w.org\/{rel}","templated":true}]}}