{"id":335,"date":"2021-02-11T19:20:17","date_gmt":"2021-02-11T19:20:17","guid":{"rendered":"https:\/\/reinigungsbedarf-donath.de\/STRATO-apps\/wordpress_01\/app\/?post_type=product&#038;p=335"},"modified":"2024-10-24T14:54:46","modified_gmt":"2024-10-24T14:54:46","slug":"san-u-wc-unterhaltsreiniger-1-ltr","status":"publish","type":"product","link":"https:\/\/reinigungsbedarf-donath.de\/app\/?product=san-u-wc-unterhaltsreiniger-1-ltr","title":{"rendered":"San U &#8211; Sanit\u00e4r-Unterhaltsreiniger 1 ltr."},"content":{"rendered":"<p>SAN-U ist ein Sanit\u00e4runterhaltsreiniger f\u00fcr alle s\u00e4urebest\u00e4ndigen Materialien. Kalk, Seifenr\u00fcckst\u00e4nde und andere Verschmutzungen werden m\u00fchelos entfernt.<br \/>\nDieser Reiniger ist auch geeignet f\u00fcr Chrom, Keramik und Glas im Sanit\u00e4rbereich.<\/p>\n<p><strong>Anwendung:<\/strong> Bei starken Verschmutzungen pur auf einen Schwamm auf der Oberfl\u00e4che verteilen. Ansonsten Verd\u00fcnnung bis 1:20 m\u00f6glich.<\/p>\n<p><strong>Inhaltstoffe:<\/strong><br \/>\n5-15% nichtionische Tenside, org. S\u00e4ure, Alkohole, Duft- und Farbstoff<strong> \u00a0\u00a0\u00a0\u00a0\u00a0\u00a0\u00a0\u00a0\u00a0\u00a0\u00a0\u00a0 pH Wert: 1-2 bei 20\u00b0C<\/strong><\/p>\n<div id=\"attachment_293\" style=\"width: 85px\" class=\"wp-caption alignnone\"><img loading=\"lazy\" decoding=\"async\" aria-describedby=\"caption-attachment-293\" class=\"size-full wp-image-293\" src=\"https:\/\/reinigungsbedarf-donath.de\/app\/wp-content\/uploads\/2021\/02\/GH05A.jpg\" alt=\"Gefahr\" width=\"75\" height=\"75\" \/><p id=\"caption-attachment-293\" class=\"wp-caption-text\">Gefahr<\/p><\/div>\n<p><strong>Gefahrenhinweise:<\/strong><br \/>\nH314 Verursacht schwere Ver\u00e4tzungen der Haut und schwere Augensch\u00e4den.<br \/>\nH290 Kann gegen\u00fcber Metallen korrosiv sein.<br \/>\n<strong>Sicherheitshinweise:<\/strong><br \/>\nP261 Einatmen von Dampf \/ Aerosol vermeiden.<br \/>\nP280 Schutzhandschuhe \/ Schutzkleidung \/ Augenschutz \/ Gesichtsschutz tragen.<br \/>\nP305+P351+P338 BEI KONTAKT MIT DEN AUGEN: Einige Minuten lang behutsam mit Wasser sp\u00fclen. Vorhandene Kontaktlinsen nach M\u00f6glichkeit entfernen. Weiter sp\u00fclen.<br \/>\nP310 Sofort GIFTINFORMATIONSZENTRUM oder Arzt anrufen.<br \/>\nGef\u00e4hrliche Bestandteile zur Kennzeichnung: enth\u00e4lt: Citronens\u00e4ure, Isotridecanolethoxylat<\/p>\n<p><span style=\"color: #ff0000;\">Achtung:<\/span> Verkauf nur an Gewerbetreibende<\/p>\n","protected":false},"excerpt":{"rendered":"<p>San U &#8211; Sanit\u00e4r-Unterhaltsreiniger 1 ltr.<\/p>\n","protected":false},"featured_media":1216,"template":"","meta":[],"product_cat":[30,34,87,86],"product_tag":[],"class_list":{"0":"post-335","1":"product","2":"type-product","3":"status-publish","4":"has-post-thumbnail","6":"product_cat-reinigungsmittel","7":"product_cat-unterhalt","8":"product_cat-wc-bedarf","9":"product_cat-wc-reiniger","11":"first","12":"instock","13":"taxable","14":"shipping-taxable","15":"purchasable","16":"product-type-simple"},"_links":{"self":[{"href":"https:\/\/reinigungsbedarf-donath.de\/app\/index.php?rest_route=\/wp\/v2\/product\/335"}],"collection":[{"href":"https:\/\/reinigungsbedarf-donath.de\/app\/index.php?rest_route=\/wp\/v2\/product"}],"about":[{"href":"https:\/\/reinigungsbedarf-donath.de\/app\/index.php?rest_route=\/wp\/v2\/types\/product"}],"wp:featuredmedia":[{"embeddable":true,"href":"https:\/\/reinigungsbedarf-donath.de\/app\/index.php?rest_route=\/wp\/v2\/media\/1216"}],"wp:attachment":[{"href":"https:\/\/reinigungsbedarf-donath.de\/app\/index.php?rest_route=%2Fwp%2Fv2%2Fmedia&parent=335"}],"wp:term":[{"taxonomy":"product_cat","embeddable":true,"href":"https:\/\/reinigungsbedarf-donath.de\/app\/index.php?rest_route=%2Fwp%2Fv2%2Fproduct_cat&post=335"},{"taxonomy":"product_tag","embeddable":true,"href":"https:\/\/reinigungsbedarf-donath.de\/app\/index.php?rest_route=%2Fwp%2Fv2%2Fproduct_tag&post=335"}],"curies":[{"name":"wp","href":"https:\/\/api.w.org\/{rel}","templated":true}]}}