{"id":371,"date":"2021-02-12T10:58:14","date_gmt":"2021-02-12T10:58:14","guid":{"rendered":"https:\/\/reinigungsbedarf-donath.de\/STRATO-apps\/wordpress_01\/app\/?post_type=product&#038;p=371"},"modified":"2023-03-27T11:54:59","modified_gmt":"2023-03-27T11:54:59","slug":"reinigungswagen-x-wagen-1-x-120-ltr-verchromt","status":"publish","type":"product","link":"https:\/\/reinigungsbedarf-donath.de\/app\/?product=reinigungswagen-x-wagen-1-x-120-ltr-verchromt","title":{"rendered":"Reinigungswagen X-Wagen 1 x 120 Ltr. verzinkt"},"content":{"rendered":"<p>verchromtes Fahrgestell, zusammenklappbar<br \/>\n1 Halterahmen f\u00fcr 120 ltr. M\u00fclls\u00e4ck und Ablagerost<\/p>\n<p>Gr\u00f6\u00dfe ca. 610 x 550 x 1000 mm<br \/>\nLieferung erfolgt unmontiert,<\/p>\n","protected":false},"excerpt":{"rendered":"<p>Reinigungswagen X-Wagen 120 ltr.<\/p>\n","protected":false},"featured_media":359,"template":"","meta":[],"product_cat":[65,90],"product_tag":[],"class_list":{"0":"post-371","1":"product","2":"type-product","3":"status-publish","4":"has-post-thumbnail","6":"product_cat-geraetewagen","7":"product_cat-sammel","9":"first","10":"instock","11":"taxable","12":"shipping-taxable","13":"purchasable","14":"product-type-simple"},"_links":{"self":[{"href":"https:\/\/reinigungsbedarf-donath.de\/app\/index.php?rest_route=\/wp\/v2\/product\/371","targetHints":{"allow":["GET"]}}],"collection":[{"href":"https:\/\/reinigungsbedarf-donath.de\/app\/index.php?rest_route=\/wp\/v2\/product"}],"about":[{"href":"https:\/\/reinigungsbedarf-donath.de\/app\/index.php?rest_route=\/wp\/v2\/types\/product"}],"wp:featuredmedia":[{"embeddable":true,"href":"https:\/\/reinigungsbedarf-donath.de\/app\/index.php?rest_route=\/wp\/v2\/media\/359"}],"wp:attachment":[{"href":"https:\/\/reinigungsbedarf-donath.de\/app\/index.php?rest_route=%2Fwp%2Fv2%2Fmedia&parent=371"}],"wp:term":[{"taxonomy":"product_cat","embeddable":true,"href":"https:\/\/reinigungsbedarf-donath.de\/app\/index.php?rest_route=%2Fwp%2Fv2%2Fproduct_cat&post=371"},{"taxonomy":"product_tag","embeddable":true,"href":"https:\/\/reinigungsbedarf-donath.de\/app\/index.php?rest_route=%2Fwp%2Fv2%2Fproduct_tag&post=371"}],"curies":[{"name":"wp","href":"https:\/\/api.w.org\/{rel}","templated":true}]}}