{"id":41,"date":"2021-02-07T12:33:35","date_gmt":"2021-02-07T12:33:35","guid":{"rendered":"https:\/\/reinigungsbedarf-donath.de\/?post_type=product&#038;p=41"},"modified":"2025-02-11T16:01:13","modified_gmt":"2025-02-11T16:01:13","slug":"bohnerwachs-fest-braun-5-ltr","status":"publish","type":"product","link":"https:\/\/reinigungsbedarf-donath.de\/app\/?product=bohnerwachs-fest-braun-5-ltr","title":{"rendered":"Bohnerwachs fest braun 5 ltr."},"content":{"rendered":"<p><b>Extra Hartglanzwachs Bohnerwachs braun<br \/>\n<\/b><\/p>\n<p class=\"western\" align=\"left\">Geeignet f\u00fcr alle Fu\u00dfb\u00f6den<br \/>\n(Stein, Holz, Linoleum und Parkett) Treppen und Fensterb\u00e4nke.<\/p>\n<p class=\"western\" align=\"left\">reinigt * pflegt * gl\u00e4nzt<br \/>\n1 ltr. reicht f\u00fcr 50 m\u00b2, je nach Saugf\u00e4higkeit und Vorbehandlung.<\/p>\n<p class=\"western\" align=\"left\"><b>Anwendung:<\/b> Michel Bohnerwachs sparsam und gleichm\u00e4\u00dfig auf Holz-, Parkett- und Steinb\u00f6den mit einem fusselfreien Tuch oder Poliermaschine in kreisenden Bewegungen auftragen Nach den Trocknen (Dauer ca. 15 Minuten) mit fusselfreien weichen Tuch oder B\u00fcrste blank polieren.<\/p>\n<p><b>Inhaltsstoffe:<\/b> \u00dcber 30 % aliphatische Kohlenwasserstoffe,<br \/>\nAlli und Pflegekomponenten Wachse Naturwachs.<\/p>\n<p><b>Inhalt: <\/b>ein Eimer enth\u00e4lt 5 ltr.<\/p>\n<p><span style=\"color: #000000;\"><strong>Signalwort &#8211; GEFAHR<\/strong><\/span><\/p>\n<p><img loading=\"lazy\" decoding=\"async\" class=\"size-full wp-image-289\" src=\"https:\/\/reinigungsbedarf-donath.de\/app\/wp-content\/uploads\/2021\/02\/GHS07.jpg\" alt=\"Gefahr\" width=\"118\" height=\"117\" srcset=\"https:\/\/reinigungsbedarf-donath.de\/app\/wp-content\/uploads\/2021\/02\/GHS07.jpg 118w, https:\/\/reinigungsbedarf-donath.de\/app\/wp-content\/uploads\/2021\/02\/GHS07-100x100.jpg 100w\" sizes=\"(max-width: 118px) 100vw, 118px\" \/><\/p>\n<p><img loading=\"lazy\" decoding=\"async\" class=\"size-full wp-image-294\" src=\"https:\/\/reinigungsbedarf-donath.de\/app\/wp-content\/uploads\/2021\/02\/GHS02.jpg\" alt=\"Gefahr\" width=\"118\" height=\"117\" srcset=\"https:\/\/reinigungsbedarf-donath.de\/app\/wp-content\/uploads\/2021\/02\/GHS02.jpg 118w, https:\/\/reinigungsbedarf-donath.de\/app\/wp-content\/uploads\/2021\/02\/GHS02-100x100.jpg 100w\" sizes=\"(max-width: 118px) 100vw, 118px\" \/><\/p>\n<p><span style=\"font-family: Arial;\"><span style=\"font-size: large;\">UFI: 0<\/span><\/span><span style=\"font-family: Arial;\"><span style=\"font-size: large;\">60<\/span><\/span><span style=\"font-family: Arial;\"><span style=\"font-size: large;\">0-<\/span><\/span><span style=\"font-family: Arial;\"><span style=\"font-size: large;\">6059-F<\/span><\/span><span style=\"font-family: Arial;\"><span style=\"font-size: large;\">00<\/span><\/span><span style=\"font-family: Arial;\"><span style=\"font-size: large;\">6<\/span><\/span><span style=\"font-family: Arial;\"><span style=\"font-size: large;\">&#8211;<\/span><\/span><span style=\"font-family: Arial;\"><span style=\"font-size: large;\">5HKJ<\/span><\/span><\/p>\n<p align=\"left\"><b>Gefahrenhinweise:<\/b><\/p>\n<p align=\"left\">H315 Verursacht Hautreizungen.<\/p>\n<p align=\"left\">H336 Kann Schl\u00e4frigkeit und Benommenheit verursachen.<\/p>\n<p align=\"left\">H228 Endz\u00fcndbarer Feststoff.<\/p>\n<p align=\"left\"><b>Sicherheitshinweise:<\/b><\/p>\n<p align=\"left\">P102 Darf nicht in die H\u00e4nde von Kindern gelangen.<\/p>\n<p align=\"left\">P210 Von Hitze, hei\u00dfen Oberfl\u00e4chen, Funken, offene Flammen sowie anderen Z\u00fcndquellen fernhalten.<\/p>\n<p align=\"left\">Nicht rauchen.<\/p>\n<p align=\"left\"><b>Weitere Kennzeichnungselemente,<\/b><\/p>\n<p align=\"left\">EUH066 Wiederholter Kontakt kann zu spr\u00f6der oder rissiger Haut f\u00fchren.<\/p>\n","protected":false},"excerpt":{"rendered":"<p>Fester Bohnerwachs braun 5 ltr.<\/p>\n","protected":false},"featured_media":1302,"template":"","meta":[],"product_cat":[36],"product_tag":[39],"class_list":{"0":"post-41","1":"product","2":"type-product","3":"status-publish","4":"has-post-thumbnail","6":"product_cat-wachse","7":"product_tag-bohnerwachs","9":"first","10":"instock","11":"taxable","12":"shipping-taxable","13":"purchasable","14":"product-type-simple"},"_links":{"self":[{"href":"https:\/\/reinigungsbedarf-donath.de\/app\/index.php?rest_route=\/wp\/v2\/product\/41"}],"collection":[{"href":"https:\/\/reinigungsbedarf-donath.de\/app\/index.php?rest_route=\/wp\/v2\/product"}],"about":[{"href":"https:\/\/reinigungsbedarf-donath.de\/app\/index.php?rest_route=\/wp\/v2\/types\/product"}],"wp:featuredmedia":[{"embeddable":true,"href":"https:\/\/reinigungsbedarf-donath.de\/app\/index.php?rest_route=\/wp\/v2\/media\/1302"}],"wp:attachment":[{"href":"https:\/\/reinigungsbedarf-donath.de\/app\/index.php?rest_route=%2Fwp%2Fv2%2Fmedia&parent=41"}],"wp:term":[{"taxonomy":"product_cat","embeddable":true,"href":"https:\/\/reinigungsbedarf-donath.de\/app\/index.php?rest_route=%2Fwp%2Fv2%2Fproduct_cat&post=41"},{"taxonomy":"product_tag","embeddable":true,"href":"https:\/\/reinigungsbedarf-donath.de\/app\/index.php?rest_route=%2Fwp%2Fv2%2Fproduct_tag&post=41"}],"curies":[{"name":"wp","href":"https:\/\/api.w.org\/{rel}","templated":true}]}}