{"id":544,"date":"2021-02-13T18:17:29","date_gmt":"2021-02-13T18:17:29","guid":{"rendered":"https:\/\/reinigungsbedarf-donath.de\/STRATO-apps\/wordpress_01\/app\/?post_type=product&#038;p=544"},"modified":"2021-02-13T18:17:29","modified_gmt":"2021-02-13T18:17:29","slug":"heizkoeperbuerste-l-form","status":"publish","type":"product","link":"https:\/\/reinigungsbedarf-donath.de\/app\/?product=heizkoeperbuerste-l-form","title":{"rendered":"Heizk\u00f6perb\u00fcrste L-Form"},"content":{"rendered":"<p>Heizk\u00f6rperb\u00fcste, L-Form mit Nylonborsten<\/p>\n","protected":false},"excerpt":{"rendered":"<p>Heizk\u00f6rperb\u00fcste, L<\/p>\n","protected":false},"featured_media":540,"template":"","meta":[],"product_cat":[72],"product_tag":[],"class_list":{"0":"post-544","1":"product","2":"type-product","3":"status-publish","4":"has-post-thumbnail","6":"product_cat-buersten","8":"first","9":"instock","10":"taxable","11":"shipping-taxable","12":"purchasable","13":"product-type-simple"},"_links":{"self":[{"href":"https:\/\/reinigungsbedarf-donath.de\/app\/index.php?rest_route=\/wp\/v2\/product\/544","targetHints":{"allow":["GET"]}}],"collection":[{"href":"https:\/\/reinigungsbedarf-donath.de\/app\/index.php?rest_route=\/wp\/v2\/product"}],"about":[{"href":"https:\/\/reinigungsbedarf-donath.de\/app\/index.php?rest_route=\/wp\/v2\/types\/product"}],"wp:featuredmedia":[{"embeddable":true,"href":"https:\/\/reinigungsbedarf-donath.de\/app\/index.php?rest_route=\/wp\/v2\/media\/540"}],"wp:attachment":[{"href":"https:\/\/reinigungsbedarf-donath.de\/app\/index.php?rest_route=%2Fwp%2Fv2%2Fmedia&parent=544"}],"wp:term":[{"taxonomy":"product_cat","embeddable":true,"href":"https:\/\/reinigungsbedarf-donath.de\/app\/index.php?rest_route=%2Fwp%2Fv2%2Fproduct_cat&post=544"},{"taxonomy":"product_tag","embeddable":true,"href":"https:\/\/reinigungsbedarf-donath.de\/app\/index.php?rest_route=%2Fwp%2Fv2%2Fproduct_tag&post=544"}],"curies":[{"name":"wp","href":"https:\/\/api.w.org\/{rel}","templated":true}]}}