{"id":591,"date":"2021-02-14T10:24:30","date_gmt":"2021-02-14T10:24:30","guid":{"rendered":"https:\/\/reinigungsbedarf-donath.de\/STRATO-apps\/wordpress_01\/app\/?post_type=product&#038;p=591"},"modified":"2023-07-17T10:53:16","modified_gmt":"2023-07-17T10:53:16","slug":"putzrollenstaender-metall-mit-120-ltr-halter","status":"publish","type":"product","link":"https:\/\/reinigungsbedarf-donath.de\/app\/?product=putzrollenstaender-metall-mit-120-ltr-halter","title":{"rendered":"Putzrollenst\u00e4nder Metall, mit 120 Ltr. Halter"},"content":{"rendered":"<p>Putzrollenst\u00e4nder f\u00fcr Putzrollen bis 38 cm Breite,<br \/>\nmit M\u00fcllsackhalter f\u00fcr 120 Ltr. M\u00fclls\u00e4cke<\/p>\n<p>&nbsp;<\/p>\n","protected":false},"excerpt":{"rendered":"<p>Putzrollenst\u00e4nder Metall<\/p>\n","protected":false},"featured_media":560,"template":"","meta":[],"product_cat":[90,82,89],"product_tag":[],"class_list":{"0":"post-591","1":"product","2":"type-product","3":"status-publish","4":"has-post-thumbnail","6":"product_cat-sammel","7":"product_cat-spendersysteme","8":"product_cat-werkstatt-bedarf","10":"first","11":"instock","12":"taxable","13":"shipping-taxable","14":"purchasable","15":"product-type-simple"},"_links":{"self":[{"href":"https:\/\/reinigungsbedarf-donath.de\/app\/index.php?rest_route=\/wp\/v2\/product\/591"}],"collection":[{"href":"https:\/\/reinigungsbedarf-donath.de\/app\/index.php?rest_route=\/wp\/v2\/product"}],"about":[{"href":"https:\/\/reinigungsbedarf-donath.de\/app\/index.php?rest_route=\/wp\/v2\/types\/product"}],"wp:featuredmedia":[{"embeddable":true,"href":"https:\/\/reinigungsbedarf-donath.de\/app\/index.php?rest_route=\/wp\/v2\/media\/560"}],"wp:attachment":[{"href":"https:\/\/reinigungsbedarf-donath.de\/app\/index.php?rest_route=%2Fwp%2Fv2%2Fmedia&parent=591"}],"wp:term":[{"taxonomy":"product_cat","embeddable":true,"href":"https:\/\/reinigungsbedarf-donath.de\/app\/index.php?rest_route=%2Fwp%2Fv2%2Fproduct_cat&post=591"},{"taxonomy":"product_tag","embeddable":true,"href":"https:\/\/reinigungsbedarf-donath.de\/app\/index.php?rest_route=%2Fwp%2Fv2%2Fproduct_tag&post=591"}],"curies":[{"name":"wp","href":"https:\/\/api.w.org\/{rel}","templated":true}]}}