{"id":594,"date":"2021-02-14T10:37:28","date_gmt":"2021-02-14T10:37:28","guid":{"rendered":"https:\/\/reinigungsbedarf-donath.de\/STRATO-apps\/wordpress_01\/app\/?post_type=product&#038;p=594"},"modified":"2021-02-14T10:40:39","modified_gmt":"2021-02-14T10:40:39","slug":"muellbeutel-24-30-ltr-rolle-zu-50-tueten","status":"publish","type":"product","link":"https:\/\/reinigungsbedarf-donath.de\/app\/?product=muellbeutel-24-30-ltr-rolle-zu-50-tueten","title":{"rendered":"M\u00fcllbeutel 24-30 Ltr. Rolle zu 50 T\u00fcten"},"content":{"rendered":"<p>M\u00fcllbeutel ca. 24-30 Ltr., Rolle zu 50 T\u00fcten,<br \/>\n490 x 600mm<\/p>\n","protected":false},"excerpt":{"rendered":"<p>M\u00fcllbeutel 24-30<\/p>\n","protected":false},"featured_media":581,"template":"","meta":[],"product_cat":[83],"product_tag":[],"class_list":{"0":"post-594","1":"product","2":"type-product","3":"status-publish","4":"has-post-thumbnail","6":"product_cat-muellbeutel-saecke-und-halter","8":"first","9":"instock","10":"taxable","11":"shipping-taxable","12":"purchasable","13":"product-type-simple"},"_links":{"self":[{"href":"https:\/\/reinigungsbedarf-donath.de\/app\/index.php?rest_route=\/wp\/v2\/product\/594"}],"collection":[{"href":"https:\/\/reinigungsbedarf-donath.de\/app\/index.php?rest_route=\/wp\/v2\/product"}],"about":[{"href":"https:\/\/reinigungsbedarf-donath.de\/app\/index.php?rest_route=\/wp\/v2\/types\/product"}],"wp:featuredmedia":[{"embeddable":true,"href":"https:\/\/reinigungsbedarf-donath.de\/app\/index.php?rest_route=\/wp\/v2\/media\/581"}],"wp:attachment":[{"href":"https:\/\/reinigungsbedarf-donath.de\/app\/index.php?rest_route=%2Fwp%2Fv2%2Fmedia&parent=594"}],"wp:term":[{"taxonomy":"product_cat","embeddable":true,"href":"https:\/\/reinigungsbedarf-donath.de\/app\/index.php?rest_route=%2Fwp%2Fv2%2Fproduct_cat&post=594"},{"taxonomy":"product_tag","embeddable":true,"href":"https:\/\/reinigungsbedarf-donath.de\/app\/index.php?rest_route=%2Fwp%2Fv2%2Fproduct_tag&post=594"}],"curies":[{"name":"wp","href":"https:\/\/api.w.org\/{rel}","templated":true}]}}