{"id":598,"date":"2021-02-14T10:54:21","date_gmt":"2021-02-14T10:54:21","guid":{"rendered":"https:\/\/reinigungsbedarf-donath.de\/STRATO-apps\/wordpress_01\/app\/?post_type=product&#038;p=598"},"modified":"2021-02-17T18:00:35","modified_gmt":"2021-02-17T18:00:35","slug":"muellsaeckgestell-70-120-ltr-gelber-sack","status":"publish","type":"product","link":"https:\/\/reinigungsbedarf-donath.de\/app\/?product=muellsaeckgestell-70-120-ltr-gelber-sack","title":{"rendered":"M\u00fclls\u00e4ckgestell 70-120 Ltr. gelber Sack"},"content":{"rendered":"<p>Stellfl\u00e4che: ca. 36cm breit x 45 cm,<br \/>\nH\u00f6he: ca. 80 cm und 1,8 kg schwer,<br \/>\nf\u00e4llt also auch im Freien, nicht gleich beim ersten Windzug um.<br \/>\n\u00d6ffnung ca. 24,5 x 31,5 cm gro\u00df.,<br \/>\nM\u00fcllsack wird in der \u00d6ffnung verklemmt, solides Metallgestell, verchromt, mit Deckel<\/p>\n<p>&nbsp;<\/p>\n","protected":false},"excerpt":{"rendered":"<p>M\u00fclls\u00e4ckgestell 70-120<\/p>\n","protected":false},"featured_media":575,"template":"","meta":[],"product_cat":[83,82,89],"product_tag":[],"class_list":{"0":"post-598","1":"product","2":"type-product","3":"status-publish","4":"has-post-thumbnail","6":"product_cat-muellbeutel-saecke-und-halter","7":"product_cat-spendersysteme","8":"product_cat-werkstatt-bedarf","10":"first","11":"instock","12":"taxable","13":"shipping-taxable","14":"purchasable","15":"product-type-simple"},"_links":{"self":[{"href":"https:\/\/reinigungsbedarf-donath.de\/app\/index.php?rest_route=\/wp\/v2\/product\/598"}],"collection":[{"href":"https:\/\/reinigungsbedarf-donath.de\/app\/index.php?rest_route=\/wp\/v2\/product"}],"about":[{"href":"https:\/\/reinigungsbedarf-donath.de\/app\/index.php?rest_route=\/wp\/v2\/types\/product"}],"wp:featuredmedia":[{"embeddable":true,"href":"https:\/\/reinigungsbedarf-donath.de\/app\/index.php?rest_route=\/wp\/v2\/media\/575"}],"wp:attachment":[{"href":"https:\/\/reinigungsbedarf-donath.de\/app\/index.php?rest_route=%2Fwp%2Fv2%2Fmedia&parent=598"}],"wp:term":[{"taxonomy":"product_cat","embeddable":true,"href":"https:\/\/reinigungsbedarf-donath.de\/app\/index.php?rest_route=%2Fwp%2Fv2%2Fproduct_cat&post=598"},{"taxonomy":"product_tag","embeddable":true,"href":"https:\/\/reinigungsbedarf-donath.de\/app\/index.php?rest_route=%2Fwp%2Fv2%2Fproduct_tag&post=598"}],"curies":[{"name":"wp","href":"https:\/\/api.w.org\/{rel}","templated":true}]}}