{"id":609,"date":"2021-02-14T12:53:01","date_gmt":"2021-02-14T12:53:01","guid":{"rendered":"https:\/\/reinigungsbedarf-donath.de\/STRATO-apps\/wordpress_01\/app\/?post_type=product&#038;p=609"},"modified":"2024-10-24T19:43:19","modified_gmt":"2024-10-24T19:43:19","slug":"seifenreiniger-protect-line-10-ltr","status":"publish","type":"product","link":"https:\/\/reinigungsbedarf-donath.de\/app\/?product=seifenreiniger-protect-line-10-ltr","title":{"rendered":"Seifenreiniger Protect-Line 10 Ltr."},"content":{"rendered":"<p>Der Seifenreiniger basiert auf nat\u00fcrlichen Rohstoffen. Er dient der Unterhaltsreinigung alle wasserfesten Bodenbel\u00e4ge wie z.B. PVC, Linoleum, Gumminoppenb\u00f6den oder auch Kunststein (Terrazo) und hinterl\u00e4\u00dft einen Rutschhemmenden, auspolierbaren Film.<br \/>\n<strong>Die Anwendung<\/strong> kann manuell oder im Einsatz durch Automaten erfolgen. Kein Nachwischen erforderlich.<br \/>\n<strong>Dosierung:\u00a0<\/strong><br \/>\nManuelle Verarbeitung: 20-40 ml. auf 8 Ltr. Wasser (Verd\u00fcnnung 1:400 &#8211; 1:200).<br \/>\nAutomatenreinigung: 200 ml. auf 8 Ltr. Wasser (Verd\u00fcnnung 1:400)<br \/>\nZur Einpflege 125-250 ml. auf 8 Ltr. Wasser einsetzten (Verd\u00fcnnung 1:80- 1:40).<\/p>\n<div id=\"attachment_289\" style=\"width: 128px\" class=\"wp-caption alignnone\"><img loading=\"lazy\" decoding=\"async\" aria-describedby=\"caption-attachment-289\" class=\"size-full wp-image-289\" src=\"https:\/\/reinigungsbedarf-donath.de\/app\/wp-content\/uploads\/2021\/02\/GHS07.jpg\" alt=\"Gefahr\" width=\"118\" height=\"117\" srcset=\"https:\/\/reinigungsbedarf-donath.de\/app\/wp-content\/uploads\/2021\/02\/GHS07.jpg 118w, https:\/\/reinigungsbedarf-donath.de\/app\/wp-content\/uploads\/2021\/02\/GHS07-100x100.jpg 100w\" sizes=\"(max-width: 118px) 100vw, 118px\" \/><p id=\"caption-attachment-289\" class=\"wp-caption-text\">Achtung<\/p><\/div>\n<p><strong>Gefahrenhinweise:<\/strong><br \/>\nH319 Verursacht schwere Augenreizung<br \/>\n<strong>Sicherheitshinweise:<\/strong><br \/>\nP280 Schutzhandschuhe\/Schutzkleidung\/Augenschutz\/Gesichtsschutz tragen.<br \/>\nP305+P351+P338 BEI KONTAKT MIT DEN AUGEN: Einige Minuten lang behutsam mit Wasser sp\u00fclen. Vorhandene Kontaktlinsen nach M\u00f6glichkeit entfernen. Weiter sp\u00fclen.<\/p>\n<p>(Protect-Line) pH-Wert: 10,5 (Konzentrat)<br \/>\n<strong>Inhaltsstoffe:<\/strong><br \/>\n&lt; 5% anionische Tenside,<br \/>\n&lt;5% nichtionische Tenside,<br \/>\n5-15% Seifen, Duftstoffe, Hilfsstoffe.<br \/>\n<strong>Enth\u00e4lt:\u00a0 <\/strong>Benzenesulfonic acid, C 10-13 alkyl derivs, sodium salts<\/p>\n","protected":false},"excerpt":{"rendered":"<p>Der Seifenreiniger basiert auf nat\u00fcrlichen Rohstoffen. Er dient der Unterhaltsreinigung alle wasserfesten Bodenbel\u00e4ge wie z.B. PVC, Linoleum, Gumminoppenb\u00f6den oder auch&hellip;<\/p>\n","protected":false},"featured_media":610,"template":"","meta":[],"product_cat":[34],"product_tag":[],"class_list":{"0":"post-609","1":"product","2":"type-product","3":"status-publish","4":"has-post-thumbnail","6":"product_cat-unterhalt","8":"first","9":"instock","10":"taxable","11":"shipping-taxable","12":"purchasable","13":"product-type-simple"},"_links":{"self":[{"href":"https:\/\/reinigungsbedarf-donath.de\/app\/index.php?rest_route=\/wp\/v2\/product\/609"}],"collection":[{"href":"https:\/\/reinigungsbedarf-donath.de\/app\/index.php?rest_route=\/wp\/v2\/product"}],"about":[{"href":"https:\/\/reinigungsbedarf-donath.de\/app\/index.php?rest_route=\/wp\/v2\/types\/product"}],"wp:featuredmedia":[{"embeddable":true,"href":"https:\/\/reinigungsbedarf-donath.de\/app\/index.php?rest_route=\/wp\/v2\/media\/610"}],"wp:attachment":[{"href":"https:\/\/reinigungsbedarf-donath.de\/app\/index.php?rest_route=%2Fwp%2Fv2%2Fmedia&parent=609"}],"wp:term":[{"taxonomy":"product_cat","embeddable":true,"href":"https:\/\/reinigungsbedarf-donath.de\/app\/index.php?rest_route=%2Fwp%2Fv2%2Fproduct_cat&post=609"},{"taxonomy":"product_tag","embeddable":true,"href":"https:\/\/reinigungsbedarf-donath.de\/app\/index.php?rest_route=%2Fwp%2Fv2%2Fproduct_tag&post=609"}],"curies":[{"name":"wp","href":"https:\/\/api.w.org\/{rel}","templated":true}]}}