{"id":624,"date":"2021-02-14T14:06:06","date_gmt":"2021-02-14T14:06:06","guid":{"rendered":"https:\/\/reinigungsbedarf-donath.de\/STRATO-apps\/wordpress_01\/app\/?post_type=product&#038;p=624"},"modified":"2024-11-14T15:59:39","modified_gmt":"2024-11-14T15:59:39","slug":"scheuerpulver-1-kg","status":"publish","type":"product","link":"https:\/\/reinigungsbedarf-donath.de\/app\/?product=scheuerpulver-1-kg","title":{"rendered":"Scheuerpulver Eilfix\u00ae &#8211; 1 Kg."},"content":{"rendered":"<p><span style=\"font-size: 14pt;\"><strong>Scheuerpulver Eilfix\u00ae<\/strong><\/span><\/p>\n<p><span style=\"font-size: 12pt;\">reinigt ohne zu kratzen, extra fein, hinterl\u00e4\u00dft keine Kratzer<\/span><\/p>\n<p><span style=\"font-size: 12pt;\">\u2022 <span style=\"font-family: Arial, sans-serif;\">F\u00fcr Gro\u00dfk\u00fcchen, Lebensmittelverarbeiter und Haushalt<br \/>\n\u2022 Mit Doppelbleiche<br \/>\n\u2022 Streudose mit Siebeinsatz\u00a0<\/span><\/span><\/p>\n<p><span style=\"font-size: 12pt;\"><strong><span style=\"font-family: Arial, sans-serif;\"><br \/>\nEigenschaften<br \/>\n<\/span><\/strong><span style=\"font-family: Arial, sans-serif;\">Extra feines Scheuerpulver. Eilfix Scheuerpulver beseitigt hartn\u00e4ckigen Schmutz ohne zu kratzen.<br \/>\nGr\u00fcndliche Sauberkeit f\u00fcr alle scheuerbaren Oberfl\u00e4chen im ganzen Haus.<\/span><\/span><\/p>\n<p><strong><span style=\"font-family: Arial, sans-serif;\">Anwendung \/ Dosierung<\/span><\/strong><span style=\"font-family: Arial, sans-serif;\"><br \/>\nEilfix Scheuerpulver auf ein Tuch oder auf die zu reinigende Oberfl\u00e4che geben, scheuern und gut mit Wasser nachsp\u00fclen\/nachwischen.<br \/>\n<\/span><strong><span style=\"font-family: Arial, sans-serif;\"><br \/>\nInhaltsstoffangabe<\/span><\/strong><span style=\"font-family: Arial, sans-serif;\"><br \/>\n&lt; 5 % anionische Tenside.<br \/>\n<strong>Weitere Inhaltsstoffe:<\/strong> Duftstoffe (Benzylsalicylat). <\/span><span style=\"font-family: Arial, sans-serif;\"><b>pH-Wert: 10,2 (10g\/L)<\/b><\/span><span style=\"font-family: Arial, sans-serif;\"><br \/>\n<\/span><img loading=\"lazy\" decoding=\"async\" class=\"size-full wp-image-289\" src=\"https:\/\/reinigungsbedarf-donath.de\/app\/wp-content\/uploads\/2021\/02\/GHS07.jpg\" alt=\"Gefahr\" width=\"118\" height=\"117\" srcset=\"https:\/\/reinigungsbedarf-donath.de\/app\/wp-content\/uploads\/2021\/02\/GHS07.jpg 118w, https:\/\/reinigungsbedarf-donath.de\/app\/wp-content\/uploads\/2021\/02\/GHS07-100x100.jpg 100w\" sizes=\"(max-width: 118px) 100vw, 118px\" \/><\/p>\n<p style=\"text-align: left;\"><span style=\"font-size: 12pt;\">Achtung<\/span><\/p>\n<p><span style=\"font-size: 12pt;\"><strong><span style=\"font-family: Arial, sans-serif;\">Gefahrenhinweis:<\/span><\/strong><span style=\"font-family: Arial, sans-serif;\"><b><br \/>\n<\/b><\/span><span style=\"font-family: Arial, sans-serif;\">H319 Verursacht schwere Augenreizung.<\/span><\/span><\/p>\n<p><span style=\"font-size: 12pt;\"><strong><span style=\"font-family: Arial, sans-serif;\">Sicherheitshinweis:<\/span><\/strong><span style=\"font-family: Arial, sans-serif;\"><b><br \/>\n<\/b><\/span><span style=\"font-family: Arial, sans-serif;\">P102 Darf nicht in die H\u00e4nde von Kindern gelangen.<br \/>\nP101 Ist \u00e4rztlicher Rat erforderlich, Verpackung oder Kennzeichnungsetikett bereithalten.<br \/>\nP305+P351+P338 BEI KONTAKT MIT DEN AUGEN: Einige Minuten lang behutsam mit Wasser aussp\u00fclen. Eventuell vorhandene Kontaktlinsen nach M\u00f6glichkeit entfernen. Weiter aussp\u00fclen.<br \/>\nP337+P313 Bei anhaltender Augenreizung: \u00c4rztlichen Rat einholen\/\u00e4rztliche Hilfe hinzuziehen.<\/span><\/span><\/p>\n<p><span style=\"font-size: 12pt;\"><strong><span style=\"font-family: Arial, sans-serif;\">Zus\u00e4tzlicheAngaben:<\/span><\/strong><span style=\"font-family: Arial, sans-serif;\"><b><br \/>\n<\/b><\/span><span style=\"font-family: Arial, sans-serif;\">Die Stoffe im Gemisch erf\u00fcllen nicht die PBT\/vPvB Kriterien gem\u00e4\u00df REACH, Anhang XIII.<\/span><\/span><\/p>\n<p><span style=\"font-size: 12pt;\"><strong><span style=\"font-family: Arial, sans-serif;\">Hinweis: <\/span><\/strong><span style=\"font-family: Arial, sans-serif;\">Sicherheitsdatenblatt <\/span><span style=\"font-family: Arial, sans-serif;\">bitte anfordern.<\/span><\/span><\/p>\n<p>&nbsp;<\/p>\n","protected":false},"excerpt":{"rendered":"<p>Scheuerpulver Eilfix\u00ae &#8211; 1 kg.<\/p>\n","protected":false},"featured_media":1017,"template":"","meta":[],"product_cat":[33,35],"product_tag":[],"class_list":{"0":"post-624","1":"product","2":"type-product","3":"status-publish","4":"has-post-thumbnail","6":"product_cat-grundreiniger","7":"product_cat-spezielle-reiniger","9":"first","10":"instock","11":"taxable","12":"shipping-taxable","13":"purchasable","14":"product-type-simple"},"_links":{"self":[{"href":"https:\/\/reinigungsbedarf-donath.de\/app\/index.php?rest_route=\/wp\/v2\/product\/624"}],"collection":[{"href":"https:\/\/reinigungsbedarf-donath.de\/app\/index.php?rest_route=\/wp\/v2\/product"}],"about":[{"href":"https:\/\/reinigungsbedarf-donath.de\/app\/index.php?rest_route=\/wp\/v2\/types\/product"}],"wp:featuredmedia":[{"embeddable":true,"href":"https:\/\/reinigungsbedarf-donath.de\/app\/index.php?rest_route=\/wp\/v2\/media\/1017"}],"wp:attachment":[{"href":"https:\/\/reinigungsbedarf-donath.de\/app\/index.php?rest_route=%2Fwp%2Fv2%2Fmedia&parent=624"}],"wp:term":[{"taxonomy":"product_cat","embeddable":true,"href":"https:\/\/reinigungsbedarf-donath.de\/app\/index.php?rest_route=%2Fwp%2Fv2%2Fproduct_cat&post=624"},{"taxonomy":"product_tag","embeddable":true,"href":"https:\/\/reinigungsbedarf-donath.de\/app\/index.php?rest_route=%2Fwp%2Fv2%2Fproduct_tag&post=624"}],"curies":[{"name":"wp","href":"https:\/\/api.w.org\/{rel}","templated":true}]}}