{"id":635,"date":"2021-02-14T14:37:46","date_gmt":"2021-02-14T14:37:46","guid":{"rendered":"https:\/\/reinigungsbedarf-donath.de\/STRATO-apps\/wordpress_01\/app\/?post_type=product&#038;p=635"},"modified":"2024-11-03T10:55:33","modified_gmt":"2024-11-03T10:55:33","slug":"beckensteine-erdbbeerfrisch-eilfix-1-kg","status":"publish","type":"product","link":"https:\/\/reinigungsbedarf-donath.de\/app\/?product=beckensteine-erdbbeerfrisch-eilfix-1-kg","title":{"rendered":"Beckensteine erdbeerfrisch &#8222;Eilfix&#8220; 1 Kg."},"content":{"rendered":"<p><strong>Beckensteine BECKER<br \/>\n<\/strong><\/p>\n<ol>\n<li><strong>\u00a0<\/strong><span style=\"font-size: small;\">Ohne Paradichlorbenzol<\/span><\/li>\n<li><strong>\u00a0<\/strong><span style=\"font-size: small;\">Gegossene Qualit\u00e4t<\/span><\/li>\n<li>\u00a0<span style=\"font-size: small;\">Intensiv und frisch parf\u00fcmiert <\/span><\/li>\n<li><strong>\u00a0<\/strong><span style=\"font-size: small;\">Kalkablagerungen und Urinsteinbildung wird vorgebeug<strong>t<\/strong><\/span><\/li>\n<li><span style=\"font-size: small;\">Umweltschonend durch Verwendung abbaubarer Tenside<\/span><\/li>\n<\/ol>\n<p><strong><span style=\"font-size: small;\">Eigenschaften<br \/>\n<\/span><\/strong><span style=\"font-size: small;\">Beckensteine wirken hygienisch und verbreiten langanhaltenden Frischeduft im Toilettenbereich. Kalkablagerungen und Urinsteinbildung wird vorgebeugt. Umweltschonend durch Verwendung abbaubarer Tenside. Einer unangenehmen Geruchsbildung wird wirkungsvoll vorgebeugt.<\/span><\/p>\n<p><strong><span style=\"font-size: small;\">Anwendung \/ Dosierung<\/span><\/strong><br \/>\n<span style=\"font-size: small;\">Ca. 4 \u2013 6 Beckensteine in den Urinaleinsatz legen. Das Produkt l\u00f6st sich ohne R\u00fcckst\u00e4nde auf.<\/span><br \/>\n<span style=\"font-size: small;\">Geeignete Urinaleins\u00e4tze: Aus Edelstahl oder Kunststoff.<\/span><\/p>\n<p><strong><span style=\"font-size: small;\">Inhaltsstoffangabe<\/span><\/strong><br \/>\n<span style=\"font-size: small;\">&gt; 30 % nichtionische Tenside. Weitere Inhaltsstoffe: Duftstoffe (CITRAL, LINALOOL).<\/span><\/p>\n<p><strong><span style=\"font-size: small;\">Technische Daten<\/span><\/strong><br \/>\n<span style=\"font-size: small;\">Farbe: rot Konsistenz: fest Geruch: parf\u00fcmiert <strong>pH-Wert: 8<\/strong><\/span><\/p>\n<p><strong><span style=\"font-size: small;\">Gefahrenhinweise \/ Sicherheitshinweise<\/span><\/strong><br \/>\n<span style=\"font-size: small;\">Bei diesem Artikel handelt es sich nicht um ein kennzeichnungspflichtiges Produkt nach EG-GHS-Verordnung. Gefahrenhinweise und Sicherheitsratschl\u00e4ge auf Sicherheitsdatenblatt und Originalgebinde beachten.<\/span><br \/>\n<span style=\"font-family: Arial;\"><span style=\"font-size: small;\">Am Arbeitsplatz nicht essen, trinken, rauchen, schnupfen.<\/span><\/span><\/p>\n<p><strong><span style=\"font-size: small;\">Hinweis: <\/span><\/strong><span style=\"font-size: small;\">Sicherheitsdatenblatt anfordern.<\/span><\/p>\n<p><strong><span style=\"font-family: Arial, sans-serif;\"><span style=\"font-size: small;\">Kennzeichnungshinweis:<br \/>\n<\/span><\/span><\/strong><span style=\"font-family: Arial, sans-serif;\"><span style=\"font-size: small;\">Das Produkt ist nach EG-Richtlinien oder den jeweiligen nationalen Gesetzen nicht kennzeichnungspflichtig.<\/span><\/span><\/p>\n<p><strong><span style=\"font-family: Arial, sans-serif;\"><span style=\"font-size: small;\">Zus\u00e4tzliche Angaben:<\/span><\/span><\/strong><span style=\"font-family: Arial, sans-serif;\"><span style=\"font-size: small;\"><b><br \/>\n<\/b><\/span><\/span><span style=\"font-family: Arial, sans-serif;\"><span style=\"font-size: small;\">Die Stoffe im Gemisch erf\u00fcllen nicht die PBT\/vPvB Kriterien gem\u00e4\u00df REACH, Anhang XIII.<\/span><\/span><\/p>\n","protected":false},"excerpt":{"rendered":"<p>Beckensteine BECKER \u00a0Ohne Paradichlorbenzol \u00a0Gegossene Qualit\u00e4t \u00a0Intensiv und frisch parf\u00fcmiert \u00a0Kalkablagerungen und Urinsteinbildung wird vorgebeugt Umweltschonend durch Verwendung abbaubarer Tenside&hellip;<\/p>\n","protected":false},"featured_media":633,"template":"","meta":[],"product_cat":[53],"product_tag":[],"class_list":{"0":"post-635","1":"product","2":"type-product","3":"status-publish","4":"has-post-thumbnail","6":"product_cat-wc-buersten","8":"first","9":"instock","10":"taxable","11":"shipping-taxable","12":"purchasable","13":"product-type-simple"},"_links":{"self":[{"href":"https:\/\/reinigungsbedarf-donath.de\/app\/index.php?rest_route=\/wp\/v2\/product\/635","targetHints":{"allow":["GET"]}}],"collection":[{"href":"https:\/\/reinigungsbedarf-donath.de\/app\/index.php?rest_route=\/wp\/v2\/product"}],"about":[{"href":"https:\/\/reinigungsbedarf-donath.de\/app\/index.php?rest_route=\/wp\/v2\/types\/product"}],"wp:featuredmedia":[{"embeddable":true,"href":"https:\/\/reinigungsbedarf-donath.de\/app\/index.php?rest_route=\/wp\/v2\/media\/633"}],"wp:attachment":[{"href":"https:\/\/reinigungsbedarf-donath.de\/app\/index.php?rest_route=%2Fwp%2Fv2%2Fmedia&parent=635"}],"wp:term":[{"taxonomy":"product_cat","embeddable":true,"href":"https:\/\/reinigungsbedarf-donath.de\/app\/index.php?rest_route=%2Fwp%2Fv2%2Fproduct_cat&post=635"},{"taxonomy":"product_tag","embeddable":true,"href":"https:\/\/reinigungsbedarf-donath.de\/app\/index.php?rest_route=%2Fwp%2Fv2%2Fproduct_tag&post=635"}],"curies":[{"name":"wp","href":"https:\/\/api.w.org\/{rel}","templated":true}]}}