{"id":670,"date":"2021-02-14T17:31:12","date_gmt":"2021-02-14T17:31:12","guid":{"rendered":"https:\/\/reinigungsbedarf-donath.de\/STRATO-apps\/wordpress_01\/app\/?post_type=product&#038;p=670"},"modified":"2021-02-14T17:41:27","modified_gmt":"2021-02-14T17:41:27","slug":"neopren-schutzhandschuh","status":"publish","type":"product","link":"https:\/\/reinigungsbedarf-donath.de\/app\/?product=neopren-schutzhandschuh","title":{"rendered":"Neopren Schutzhandschuh"},"content":{"rendered":"<p>Neopren-Thermo-Handschuh<br \/>\nSch\u00fctzt die H\u00e4nde gegen<br \/>\n&#8211; K\u00e4lte, Feuchtigkeit, Reinigungsmittel<br \/>\n&#8211; Isolierung aus Neopren h\u00e4lt die H\u00e4nde trotz K\u00e4lte angenehm warm.<br \/>\n&#8211; Angeraute Innenhand f\u00fcr sicheren Griff.<br \/>\n&#8211; Wasserfest durch verklebte N\u00e4hte.<br \/>\n&#8211; Optimale Pa\u00dfform f\u00fcr hohem Tragekomfort.<br \/>\n&#8211; Velcro Klettverschlu\u00df f\u00fcr festen Sitz.<br \/>\nIn den Gr\u00f6\u00dfen S , L und XL &#8211; bitte ausw\u00e4hlen<\/p>\n","protected":false},"excerpt":{"rendered":"<p>Neopren-Thermo-Handschuh<\/p>\n","protected":false},"featured_media":661,"template":"","meta":[],"product_cat":[47],"product_tag":[],"class_list":{"0":"post-670","1":"product","2":"type-product","3":"status-publish","4":"has-post-thumbnail","6":"product_cat-unger","8":"first","9":"instock","10":"taxable","11":"shipping-taxable","12":"purchasable","13":"product-type-simple"},"_links":{"self":[{"href":"https:\/\/reinigungsbedarf-donath.de\/app\/index.php?rest_route=\/wp\/v2\/product\/670"}],"collection":[{"href":"https:\/\/reinigungsbedarf-donath.de\/app\/index.php?rest_route=\/wp\/v2\/product"}],"about":[{"href":"https:\/\/reinigungsbedarf-donath.de\/app\/index.php?rest_route=\/wp\/v2\/types\/product"}],"wp:featuredmedia":[{"embeddable":true,"href":"https:\/\/reinigungsbedarf-donath.de\/app\/index.php?rest_route=\/wp\/v2\/media\/661"}],"wp:attachment":[{"href":"https:\/\/reinigungsbedarf-donath.de\/app\/index.php?rest_route=%2Fwp%2Fv2%2Fmedia&parent=670"}],"wp:term":[{"taxonomy":"product_cat","embeddable":true,"href":"https:\/\/reinigungsbedarf-donath.de\/app\/index.php?rest_route=%2Fwp%2Fv2%2Fproduct_cat&post=670"},{"taxonomy":"product_tag","embeddable":true,"href":"https:\/\/reinigungsbedarf-donath.de\/app\/index.php?rest_route=%2Fwp%2Fv2%2Fproduct_tag&post=670"}],"curies":[{"name":"wp","href":"https:\/\/api.w.org\/{rel}","templated":true}]}}