{"id":674,"date":"2021-02-14T18:01:55","date_gmt":"2021-02-14T18:01:55","guid":{"rendered":"https:\/\/reinigungsbedarf-donath.de\/STRATO-apps\/wordpress_01\/app\/?post_type=product&#038;p=674"},"modified":"2021-02-14T18:04:43","modified_gmt":"2021-02-14T18:04:43","slug":"unger-hueftgurt-fuer-koecher-schwarzes-teil","status":"publish","type":"product","link":"https:\/\/reinigungsbedarf-donath.de\/app\/?product=unger-hueftgurt-fuer-koecher-schwarzes-teil","title":{"rendered":"Unger  H\u00fcftgurt f\u00fcr K\u00f6cher (schwarzes Teil)"},"content":{"rendered":"<p>Zubeh\u00f6r f\u00fcr Fensterwischersystem<\/p>\n<p>nur der H\u00fcftgurt f\u00fcr K\u00f6cher (schwarzes Teil)<\/p>\n<p>Bei der Arbeit sind die H\u00e4nde frei.<\/p>\n","protected":false},"excerpt":{"rendered":"<p>H\u00fcftgurt<\/p>\n","protected":false},"featured_media":660,"template":"","meta":[],"product_cat":[47],"product_tag":[],"class_list":{"0":"post-674","1":"product","2":"type-product","3":"status-publish","4":"has-post-thumbnail","6":"product_cat-unger","8":"first","9":"instock","10":"taxable","11":"shipping-taxable","12":"purchasable","13":"product-type-simple"},"_links":{"self":[{"href":"https:\/\/reinigungsbedarf-donath.de\/app\/index.php?rest_route=\/wp\/v2\/product\/674"}],"collection":[{"href":"https:\/\/reinigungsbedarf-donath.de\/app\/index.php?rest_route=\/wp\/v2\/product"}],"about":[{"href":"https:\/\/reinigungsbedarf-donath.de\/app\/index.php?rest_route=\/wp\/v2\/types\/product"}],"wp:featuredmedia":[{"embeddable":true,"href":"https:\/\/reinigungsbedarf-donath.de\/app\/index.php?rest_route=\/wp\/v2\/media\/660"}],"wp:attachment":[{"href":"https:\/\/reinigungsbedarf-donath.de\/app\/index.php?rest_route=%2Fwp%2Fv2%2Fmedia&parent=674"}],"wp:term":[{"taxonomy":"product_cat","embeddable":true,"href":"https:\/\/reinigungsbedarf-donath.de\/app\/index.php?rest_route=%2Fwp%2Fv2%2Fproduct_cat&post=674"},{"taxonomy":"product_tag","embeddable":true,"href":"https:\/\/reinigungsbedarf-donath.de\/app\/index.php?rest_route=%2Fwp%2Fv2%2Fproduct_tag&post=674"}],"curies":[{"name":"wp","href":"https:\/\/api.w.org\/{rel}","templated":true}]}}