{"id":688,"date":"2021-02-14T19:29:57","date_gmt":"2021-02-14T19:29:57","guid":{"rendered":"https:\/\/reinigungsbedarf-donath.de\/STRATO-apps\/wordpress_01\/app\/?post_type=product&#038;p=688"},"modified":"2021-02-20T09:19:53","modified_gmt":"2021-02-20T09:19:53","slug":"telestange-blau-alu-2-x-200-m-lang-2","status":"publish","type":"product","link":"https:\/\/reinigungsbedarf-donath.de\/app\/?product=telestange-blau-alu-2-x-200-m-lang-2","title":{"rendered":"Telestange blau &#8211; Alu 2 x 2,00 m lang"},"content":{"rendered":"<p>Arretierung durch drehen am Klemmverschlu\u00df,<br \/>\n<strong>Achtung !<\/strong><br \/>\nBei Lieferung in einem extra Versandpacket nur mit DPD oder GLS;<br \/>\nzus\u00e4tzlich 6,50 Euro Versandkosten, wegen der \u00dcberl\u00e4nge<\/p>\n","protected":false},"excerpt":{"rendered":"<p>Telestange blau 2 x 2,0<\/p>\n","protected":false},"featured_media":658,"template":"","meta":[],"product_cat":[49],"product_tag":[],"class_list":{"0":"post-688","1":"product","2":"type-product","3":"status-publish","4":"has-post-thumbnail","6":"product_cat-alternativen","8":"first","9":"instock","10":"taxable","11":"shipping-taxable","12":"purchasable","13":"product-type-simple"},"_links":{"self":[{"href":"https:\/\/reinigungsbedarf-donath.de\/app\/index.php?rest_route=\/wp\/v2\/product\/688","targetHints":{"allow":["GET"]}}],"collection":[{"href":"https:\/\/reinigungsbedarf-donath.de\/app\/index.php?rest_route=\/wp\/v2\/product"}],"about":[{"href":"https:\/\/reinigungsbedarf-donath.de\/app\/index.php?rest_route=\/wp\/v2\/types\/product"}],"wp:featuredmedia":[{"embeddable":true,"href":"https:\/\/reinigungsbedarf-donath.de\/app\/index.php?rest_route=\/wp\/v2\/media\/658"}],"wp:attachment":[{"href":"https:\/\/reinigungsbedarf-donath.de\/app\/index.php?rest_route=%2Fwp%2Fv2%2Fmedia&parent=688"}],"wp:term":[{"taxonomy":"product_cat","embeddable":true,"href":"https:\/\/reinigungsbedarf-donath.de\/app\/index.php?rest_route=%2Fwp%2Fv2%2Fproduct_cat&post=688"},{"taxonomy":"product_tag","embeddable":true,"href":"https:\/\/reinigungsbedarf-donath.de\/app\/index.php?rest_route=%2Fwp%2Fv2%2Fproduct_tag&post=688"}],"curies":[{"name":"wp","href":"https:\/\/api.w.org\/{rel}","templated":true}]}}