{"id":849,"date":"2021-02-21T12:01:39","date_gmt":"2021-02-21T12:01:39","guid":{"rendered":"https:\/\/reinigungsbedarf-donath.de\/app\/?post_type=product&#038;p=849"},"modified":"2023-02-14T12:34:28","modified_gmt":"2023-02-14T12:34:28","slug":"lamellen-reinigungsgeraet-soerbo-1-stueck","status":"publish","type":"product","link":"https:\/\/reinigungsbedarf-donath.de\/app\/?product=lamellen-reinigungsgeraet-soerbo-1-stueck","title":{"rendered":"Lamellen-Reinigungsger\u00e4t S\u00d6RBO 1 St\u00fcck"},"content":{"rendered":"<p>Lamellen-Reinigungsger\u00e4t S\u00d6RBO<\/p>\n<p>Einwascher mit Fellbezug ist weich und anschmiegsam, dadurch gute Benetzung der Fl\u00e4chen<\/p>\n<p>&nbsp;<\/p>\n<p><span style=\"color: #ff0000;\"><strong>ACHTUNG: Restbestand 2 St\u00fcck<\/strong><\/span><\/p>\n","protected":false},"excerpt":{"rendered":"<p>Lamellen-Reinigungsger\u00e4t S\u00d6RBO<\/p>\n","protected":false},"featured_media":851,"template":"","meta":[],"product_cat":[48],"product_tag":[],"class_list":{"0":"post-849","1":"product","2":"type-product","3":"status-publish","4":"has-post-thumbnail","6":"product_cat-soerbo","8":"first","9":"instock","10":"taxable","11":"shipping-taxable","12":"purchasable","13":"product-type-simple"},"_links":{"self":[{"href":"https:\/\/reinigungsbedarf-donath.de\/app\/index.php?rest_route=\/wp\/v2\/product\/849"}],"collection":[{"href":"https:\/\/reinigungsbedarf-donath.de\/app\/index.php?rest_route=\/wp\/v2\/product"}],"about":[{"href":"https:\/\/reinigungsbedarf-donath.de\/app\/index.php?rest_route=\/wp\/v2\/types\/product"}],"wp:featuredmedia":[{"embeddable":true,"href":"https:\/\/reinigungsbedarf-donath.de\/app\/index.php?rest_route=\/wp\/v2\/media\/851"}],"wp:attachment":[{"href":"https:\/\/reinigungsbedarf-donath.de\/app\/index.php?rest_route=%2Fwp%2Fv2%2Fmedia&parent=849"}],"wp:term":[{"taxonomy":"product_cat","embeddable":true,"href":"https:\/\/reinigungsbedarf-donath.de\/app\/index.php?rest_route=%2Fwp%2Fv2%2Fproduct_cat&post=849"},{"taxonomy":"product_tag","embeddable":true,"href":"https:\/\/reinigungsbedarf-donath.de\/app\/index.php?rest_route=%2Fwp%2Fv2%2Fproduct_tag&post=849"}],"curies":[{"name":"wp","href":"https:\/\/api.w.org\/{rel}","templated":true}]}}