{"id":852,"date":"2021-02-21T12:01:54","date_gmt":"2021-02-21T12:01:54","guid":{"rendered":"https:\/\/reinigungsbedarf-donath.de\/app\/?post_type=product&#038;p=852"},"modified":"2023-02-14T12:35:45","modified_gmt":"2023-02-14T12:35:45","slug":"lamellen-lamellenabzieher-soerbo-1-stueck","status":"publish","type":"product","link":"https:\/\/reinigungsbedarf-donath.de\/app\/?product=lamellen-lamellenabzieher-soerbo-1-stueck","title":{"rendered":"Lamellen-Lamellenabzieher S\u00d6RBO 1 St\u00fcck"},"content":{"rendered":"<p>S\u00d6RBO Lamellenabzieher<br \/>\nDas Abziehen der Lamellenfl\u00e4chen, mittels der sehr weichen und strapazierf\u00e4higen S\u00d6RBO-Gummilippen und verstellbaren Wischerhalter, ist optimal m\u00f6glich.<\/p>\n<p><span style=\"color: #ff0000;\"><strong>ACHTUNG: Restbestand 1 St\u00fcck<\/strong><\/span><\/p>\n","protected":false},"excerpt":{"rendered":"<p>Lamellen-Lamellenabzieher S\u00d6RBO<\/p>\n","protected":false},"featured_media":850,"template":"","meta":[],"product_cat":[48],"product_tag":[],"class_list":{"0":"post-852","1":"product","2":"type-product","3":"status-publish","4":"has-post-thumbnail","6":"product_cat-soerbo","8":"first","9":"instock","10":"taxable","11":"shipping-taxable","12":"purchasable","13":"product-type-simple"},"_links":{"self":[{"href":"https:\/\/reinigungsbedarf-donath.de\/app\/index.php?rest_route=\/wp\/v2\/product\/852","targetHints":{"allow":["GET"]}}],"collection":[{"href":"https:\/\/reinigungsbedarf-donath.de\/app\/index.php?rest_route=\/wp\/v2\/product"}],"about":[{"href":"https:\/\/reinigungsbedarf-donath.de\/app\/index.php?rest_route=\/wp\/v2\/types\/product"}],"wp:featuredmedia":[{"embeddable":true,"href":"https:\/\/reinigungsbedarf-donath.de\/app\/index.php?rest_route=\/wp\/v2\/media\/850"}],"wp:attachment":[{"href":"https:\/\/reinigungsbedarf-donath.de\/app\/index.php?rest_route=%2Fwp%2Fv2%2Fmedia&parent=852"}],"wp:term":[{"taxonomy":"product_cat","embeddable":true,"href":"https:\/\/reinigungsbedarf-donath.de\/app\/index.php?rest_route=%2Fwp%2Fv2%2Fproduct_cat&post=852"},{"taxonomy":"product_tag","embeddable":true,"href":"https:\/\/reinigungsbedarf-donath.de\/app\/index.php?rest_route=%2Fwp%2Fv2%2Fproduct_tag&post=852"}],"curies":[{"name":"wp","href":"https:\/\/api.w.org\/{rel}","templated":true}]}}